{"id":3877,"date":"2025-10-23T00:25:43","date_gmt":"2025-10-22T22:25:43","guid":{"rendered":"https:\/\/bestes-umzugsunternehmen-leipzig.de\/?page_id=3877"},"modified":"2025-10-23T00:25:44","modified_gmt":"2025-10-22T22:25:44","slug":"cookie-richtlinie-eu","status":"publish","type":"page","link":"https:\/\/bestes-umzugsunternehmen-leipzig.de\/en\/eu-cookie-policy-2\/","title":{"rendered":"Cookie Policy (EU)"},"content":{"rendered":"<h1 class=\"wp-block-heading\"><strong>Cookie Policy (EU)<\/strong><\/h1>\n\n\n\n<p>This cookie policy was last updated on <strong>01\/12\/2025<\/strong> Updated and applies to citizens and residents with permanent residence in the European Economic Area and Switzerland.<\/p>\n\n\n\n<hr class=\"wp-block-separator has-alpha-channel-opacity\"\/>\n\n\n\n<h3 class=\"wp-block-heading\"><strong>1. Introduction<\/strong><\/h3>\n\n\n\n<p>Our website, <a href=\"https:\/\/bestes-umzugsunternehmen-leipzig.de\/en\/\">https:\/\/bestes-umzugsunternehmen-leipzig.de\/<\/a> (hereinafter: <strong>\u201e&quot;the website&quot;\u201c<\/strong>), uses cookies and similar technologies (for simplicity, all of these are referred to as &quot;cookies&quot;). Cookies are also placed by third parties commissioned by us.<\/p>\n\n\n\n<p>This document informs you about the use of cookies on our website.<\/p>\n\n\n\n<hr class=\"wp-block-separator has-alpha-channel-opacity\"\/>\n\n\n\n<h3 class=\"wp-block-heading\"><strong>2. What are cookies?<\/strong><\/h3>\n\n\n\n<p>A cookie is a small file that is sent along with pages of a website and stored by your browser on your device. The information stored in it can be transmitted back to our servers or to the servers of the relevant third-party providers on subsequent visits.<\/p>\n\n\n\n<hr class=\"wp-block-separator has-alpha-channel-opacity\"\/>\n\n\n\n<h3 class=\"wp-block-heading\"><strong>3. What are scripts?<\/strong><\/h3>\n\n\n\n<p>A script is a piece of program code used to enable functionality and interactivity on our website. This code is executed on our servers or on your device.<\/p>\n\n\n\n<hr class=\"wp-block-separator has-alpha-channel-opacity\"\/>\n\n\n\n<h3 class=\"wp-block-heading\"><strong>4. What is a web beacon?<\/strong><\/h3>\n\n\n\n<p>A web beacon (also called a pixel tag) is a small, invisible text or image element on a website used to analyze website traffic. Web beacons can be used to collect certain data about you.<\/p>\n\n\n\n<hr class=\"wp-block-separator has-alpha-channel-opacity\"\/>\n\n\n\n<h3 class=\"wp-block-heading\"><strong>5. Cookies<\/strong><\/h3>\n\n\n\n<h4 class=\"wp-block-heading\"><strong>5.1 Technical or functional cookies<\/strong><\/h4>\n\n\n\n<p>These cookies ensure that certain parts of the website function properly and that your user preferences are saved.<\/p>\n\n\n\n<p>Functional cookies make it easier for you to visit our website \u2013 for example, your preferences or form entries are saved.<\/p>\n\n\n\n<h4 class=\"wp-block-heading\"><strong>5.2 Statistics cookies<\/strong><\/h4>\n\n\n\n<p>These anonymous cookies help us understand how visitors use our website in order to continuously improve the user experience.<\/p>\n\n\n\n<h4 class=\"wp-block-heading\"><strong>5.3 Marketing\/Tracking Cookies<\/strong><\/h4>\n\n\n\n<p>Marketing cookies are used to track visitors across multiple websites. The goal is to display relevant advertising and measure the effectiveness of our campaigns.<\/p>\n\n\n\n<h4 class=\"wp-block-heading\"><strong>5.4 Social Media<\/strong><\/h4>\n\n\n\n<p>Our website integrates content from third-party providers such as Facebook, Instagram, LinkedIn, and WhatsApp. These services may set their own cookies to enable interactions (e.g., likes or shares).<\/p>\n\n\n\n<p>Please read the respective privacy policies of these platforms to learn more about how they handle personal data.<\/p>\n\n\n\n<hr class=\"wp-block-separator has-alpha-channel-opacity\"\/>\n\n\n\n<h3 class=\"wp-block-heading\"><strong>6. Cookies placed<\/strong><\/h3>\n\n\n\n<h4 class=\"wp-block-heading\"><strong>Elementor (statistics \u2013 anonymous)<\/strong><\/h4>\n\n\n\n<p>Use: Creation and management of website content<\/p>\n\n\n\n<p>Storage: User actions on the website<\/p>\n\n\n\n<p>Data sharing: None<\/p>\n\n\n\n<h4 class=\"wp-block-heading\"><strong>WordPress (Functional)<\/strong><\/h4>\n\n\n\n<p>Use case: Basic website functions and user preferences<\/p>\n\n\n\n<p>Data sharing: None<\/p>\n\n\n\n<h4 class=\"wp-block-heading\"><strong>Complianz (cookie consent system)<\/strong><\/h4>\n\n\n\n<p>Use: Managing cookie consents<\/p>\n\n\n\n<p>Data sharing: None<\/p>\n\n\n\n<hr class=\"wp-block-separator has-alpha-channel-opacity\"\/>\n\n\n\n<h3 class=\"wp-block-heading\"><strong>7. Consent<\/strong><\/h3>\n\n\n\n<p>When you visit our website for the first time, we will show you a pop-up with an explanation about cookies.<\/p>\n\n\n\n<p>As soon as you <strong>\u201eSave settings\u201c<\/strong> By clicking, you agree to the use of the selected cookie categories.<\/p>\n\n\n\n<p>You can disable cookies at any time via your browser settings, however, the website may then not function properly.<\/p>\n\n\n\n<hr class=\"wp-block-separator has-alpha-channel-opacity\"\/>\n\n\n\n<h3 class=\"wp-block-heading\"><strong>8. Activation\/deactivation and deletion of cookies<\/strong><\/h3>\n\n\n\n<p>You can use your internet browser to delete cookies manually or automatically.<\/p>\n\n\n\n<p>You can also specify that certain cookies should not be set.<\/p>\n\n\n\n<p>You can find more information in your browser&#039;s help section.<\/p>\n\n\n\n<p>Please note that if you completely disable cookies, our website may not function correctly.<\/p>\n\n\n\n<hr class=\"wp-block-separator has-alpha-channel-opacity\"\/>\n\n\n\n<h3 class=\"wp-block-heading\"><strong>9. Your rights regarding personal data<\/strong><\/h3>\n\n\n\n<p>You have the following rights with regard to your personal data:<\/p>\n\n\n\n<ul class=\"wp-block-list\">\n<li>Right to information \u2013 to find out why your data is needed and how it is used.<\/li>\n\n\n\n<li>Right to rectification or erasure<\/li>\n\n\n\n<li>Right to withdraw your consent at any time<\/li>\n\n\n\n<li>Right to data portability<\/li>\n\n\n\n<li>Right to object to processing<\/li>\n<\/ul>\n\n\n\n<p>If you wish to exercise these rights, please contact us using the contact details provided below.<\/p>\n\n\n\n<hr class=\"wp-block-separator has-alpha-channel-opacity\"\/>\n\n\n\n<h3 class=\"wp-block-heading\"><strong>10. Contact details<\/strong><\/h3>\n\n\n\n<p>For questions and\/or comments regarding our cookie policy, please contact us at:<\/p>\n\n\n\n<p><strong>Practical Transport and Removals<\/strong><\/p>\n\n\n\n<p>Stromstr 21 10551 Berlin<\/p>\n\n\n\n<p>\ud83d\udce7 Email: praktiktransport@gmail.com<\/p>\n\n\n\n<p>\ud83d\udcde Phone: +49 1625978461<\/p>\n\n\n\n<p>\ud83c\udf10 Website: <a href=\"https:\/\/besteumzugunternehme.de\/\">https:\/\/besteumzugunternehme.de\/<\/a><\/p>\n\n\n\n<p>This cookie policy was last updated on <strong>18\/10\/2025<\/strong> with <strong>cookiedatabase.org<\/strong> synchronized.<\/p>\n\n\n\n<p><\/p>","protected":false},"excerpt":{"rendered":"<p>Cookie-Richtlinie (EU) Diese Cookie-Richtlinie wurde zuletzt am 01\/12\/2025 aktualisiert und gilt f\u00fcr B\u00fcrger und Einwohner mit st\u00e4ndigem Wohnsitz im Europ\u00e4ischen Wirtschaftsraum und der Schweiz. 1. Einf\u00fchrung Unsere Website, https:\/\/bestes-umzugsunternehmen-leipzig.de\/ (im Folgenden: \u201edie Website\u201c), verwendet Cookies und \u00e4hnliche Technologien (der Einfachheit halber werden all diese unter \u201eCookies\u201c zusammengefasst). Cookies werden au\u00dferdem von uns beauftragten Drittparteien platziert. [&hellip;]<\/p>\n","protected":false},"author":1,"featured_media":0,"parent":0,"menu_order":0,"comment_status":"closed","ping_status":"closed","template":"","meta":{"_uag_custom_page_level_css":"","site-sidebar-layout":"default","site-content-layout":"","ast-site-content-layout":"default","site-content-style":"default","site-sidebar-style":"default","ast-global-header-display":"","ast-banner-title-visibility":"","ast-main-header-display":"","ast-hfb-above-header-display":"","ast-hfb-below-header-display":"","ast-hfb-mobile-header-display":"","site-post-title":"disabled","ast-breadcrumbs-content":"","ast-featured-img":"","footer-sml-layout":"","ast-disable-related-posts":"","theme-transparent-header-meta":"","adv-header-id-meta":"","stick-header-meta":"","header-above-stick-meta":"","header-main-stick-meta":"","header-below-stick-meta":"","astra-migrate-meta-layouts":"set","ast-page-background-enabled":"default","ast-page-background-meta":{"desktop":{"background-color":"var(--ast-global-color-4)","background-image":"","background-repeat":"repeat","background-position":"center center","background-size":"auto","background-attachment":"scroll","background-type":"","background-media":"","overlay-type":"","overlay-color":"","overlay-opacity":"","overlay-gradient":""},"tablet":{"background-color":"","background-image":"","background-repeat":"repeat","background-position":"center center","background-size":"auto","background-attachment":"scroll","background-type":"","background-media":"","overlay-type":"","overlay-color":"","overlay-opacity":"","overlay-gradient":""},"mobile":{"background-color":"","background-image":"","background-repeat":"repeat","background-position":"center center","background-size":"auto","background-attachment":"scroll","background-type":"","background-media":"","overlay-type":"","overlay-color":"","overlay-opacity":"","overlay-gradient":""}},"ast-content-background-meta":{"desktop":{"background-color":"var(--ast-global-color-5)","background-image":"","background-repeat":"repeat","background-position":"center center","background-size":"auto","background-attachment":"scroll","background-type":"","background-media":"","overlay-type":"","overlay-color":"","overlay-opacity":"","overlay-gradient":""},"tablet":{"background-color":"var(--ast-global-color-5)","background-image":"","background-repeat":"repeat","background-position":"center center","background-size":"auto","background-attachment":"scroll","background-type":"","background-media":"","overlay-type":"","overlay-color":"","overlay-opacity":"","overlay-gradient":""},"mobile":{"background-color":"var(--ast-global-color-5)","background-image":"","background-repeat":"repeat","background-position":"center center","background-size":"auto","background-attachment":"scroll","background-type":"","background-media":"","overlay-type":"","overlay-color":"","overlay-opacity":"","overlay-gradient":""}},"footnotes":""},"class_list":["post-3877","page","type-page","status-publish","hentry"],"yoast_head":"<!-- This site is optimized with the Yoast SEO plugin v26.9 - https:\/\/yoast.com\/product\/yoast-seo-wordpress\/ -->\n<title>Cookie-Richtlinie (EU) - Bestes Umzugsunternehmen Leipzig<\/title>\n<meta name=\"robots\" content=\"index, follow, max-snippet:-1, max-image-preview:large, max-video-preview:-1\" \/>\n<link rel=\"canonical\" href=\"https:\/\/bestes-umzugsunternehmen-leipzig.de\/en\/eu-cookie-policy-2\/\" \/>\n<meta property=\"og:locale\" content=\"en_GB\" \/>\n<meta property=\"og:type\" content=\"article\" \/>\n<meta property=\"og:title\" content=\"Cookie-Richtlinie (EU) - Bestes Umzugsunternehmen Leipzig\" \/>\n<meta property=\"og:description\" content=\"Cookie-Richtlinie (EU) Diese Cookie-Richtlinie wurde zuletzt am 01\/12\/2025 aktualisiert und gilt f\u00fcr B\u00fcrger und Einwohner mit st\u00e4ndigem Wohnsitz im Europ\u00e4ischen Wirtschaftsraum und der Schweiz. 1. Einf\u00fchrung Unsere Website, https:\/\/bestes-umzugsunternehmen-leipzig.de\/ (im Folgenden: \u201edie Website\u201c), verwendet Cookies und \u00e4hnliche Technologien (der Einfachheit halber werden all diese unter \u201eCookies\u201c zusammengefasst). Cookies werden au\u00dferdem von uns beauftragten Drittparteien platziert. [&hellip;]\" \/>\n<meta property=\"og:url\" content=\"https:\/\/bestes-umzugsunternehmen-leipzig.de\/en\/eu-cookie-policy-2\/\" \/>\n<meta property=\"og:site_name\" content=\"Bestes Umzugsunternehmen Leipzig\" \/>\n<meta property=\"article:modified_time\" content=\"2025-10-22T22:25:44+00:00\" \/>\n<meta name=\"twitter:card\" content=\"summary_large_image\" \/>\n<meta name=\"twitter:label1\" content=\"Estimated reading time\" \/>\n\t<meta name=\"twitter:data1\" content=\"4 minutes\" \/>\n<script type=\"application\/ld+json\" class=\"yoast-schema-graph\">{\"@context\":\"https:\/\/schema.org\",\"@graph\":[{\"@type\":\"WebPage\",\"@id\":\"https:\/\/bestes-umzugsunternehmen-leipzig.de\/cookie-richtlinie-eu\/\",\"url\":\"https:\/\/bestes-umzugsunternehmen-leipzig.de\/cookie-richtlinie-eu\/\",\"name\":\"Cookie-Richtlinie (EU) - Bestes Umzugsunternehmen Leipzig\",\"isPartOf\":{\"@id\":\"https:\/\/bestes-umzugsunternehmen-leipzig.de\/#website\"},\"datePublished\":\"2025-10-22T22:25:43+00:00\",\"dateModified\":\"2025-10-22T22:25:44+00:00\",\"breadcrumb\":{\"@id\":\"https:\/\/bestes-umzugsunternehmen-leipzig.de\/cookie-richtlinie-eu\/#breadcrumb\"},\"inLanguage\":\"en-GB\",\"potentialAction\":[{\"@type\":\"ReadAction\",\"target\":[\"https:\/\/bestes-umzugsunternehmen-leipzig.de\/cookie-richtlinie-eu\/\"]}]},{\"@type\":\"BreadcrumbList\",\"@id\":\"https:\/\/bestes-umzugsunternehmen-leipzig.de\/cookie-richtlinie-eu\/#breadcrumb\",\"itemListElement\":[{\"@type\":\"ListItem\",\"position\":1,\"name\":\"Startseite\",\"item\":\"https:\/\/bestes-umzugsunternehmen-leipzig.de\/\"},{\"@type\":\"ListItem\",\"position\":2,\"name\":\"Cookie-Richtlinie (EU)\"}]},{\"@type\":\"WebSite\",\"@id\":\"https:\/\/bestes-umzugsunternehmen-leipzig.de\/#website\",\"url\":\"https:\/\/bestes-umzugsunternehmen-leipzig.de\/\",\"name\":\"Bestes Umzugsunternehmen Leipzig\",\"description\":\"Bestes Umzugsunternehmen Leipzig - Praktik Transport und Umz\u00fcge\",\"publisher\":{\"@id\":\"https:\/\/bestes-umzugsunternehmen-leipzig.de\/#organization\"},\"alternateName\":\"Bestes Umzugsunternehmen Leipzig\",\"potentialAction\":[{\"@type\":\"SearchAction\",\"target\":{\"@type\":\"EntryPoint\",\"urlTemplate\":\"https:\/\/bestes-umzugsunternehmen-leipzig.de\/?s={search_term_string}\"},\"query-input\":{\"@type\":\"PropertyValueSpecification\",\"valueRequired\":true,\"valueName\":\"search_term_string\"}}],\"inLanguage\":\"en-GB\"},{\"@type\":\"Organization\",\"@id\":\"https:\/\/bestes-umzugsunternehmen-leipzig.de\/#organization\",\"name\":\"Praktik Transport und Umz\u00fcge\",\"url\":\"https:\/\/bestes-umzugsunternehmen-leipzig.de\/\",\"logo\":{\"@type\":\"ImageObject\",\"inLanguage\":\"en-GB\",\"@id\":\"https:\/\/bestes-umzugsunternehmen-leipzig.de\/#\/schema\/logo\/image\/\",\"url\":\"https:\/\/bestes-umzugsunternehmen-leipzig.de\/wp-content\/uploads\/2025\/10\/cropped-111111-1.png\",\"contentUrl\":\"https:\/\/bestes-umzugsunternehmen-leipzig.de\/wp-content\/uploads\/2025\/10\/cropped-111111-1.png\",\"width\":1535,\"height\":643,\"caption\":\"Praktik Transport und Umz\u00fcge\"},\"image\":{\"@id\":\"https:\/\/bestes-umzugsunternehmen-leipzig.de\/#\/schema\/logo\/image\/\"}}]}<\/script>\n<!-- \/ Yoast SEO plugin. -->","yoast_head_json":{"title":"Cookie Policy (EU) - Best Moving Company Leipzig","robots":{"index":"index","follow":"follow","max-snippet":"max-snippet:-1","max-image-preview":"max-image-preview:large","max-video-preview":"max-video-preview:-1"},"canonical":"https:\/\/bestes-umzugsunternehmen-leipzig.de\/en\/eu-cookie-policy-2\/","og_locale":"en_GB","og_type":"article","og_title":"Cookie-Richtlinie (EU) - Bestes Umzugsunternehmen Leipzig","og_description":"Cookie-Richtlinie (EU) Diese Cookie-Richtlinie wurde zuletzt am 01\/12\/2025 aktualisiert und gilt f\u00fcr B\u00fcrger und Einwohner mit st\u00e4ndigem Wohnsitz im Europ\u00e4ischen Wirtschaftsraum und der Schweiz. 1. Einf\u00fchrung Unsere Website, https:\/\/bestes-umzugsunternehmen-leipzig.de\/ (im Folgenden: \u201edie Website\u201c), verwendet Cookies und \u00e4hnliche Technologien (der Einfachheit halber werden all diese unter \u201eCookies\u201c zusammengefasst). Cookies werden au\u00dferdem von uns beauftragten Drittparteien platziert. [&hellip;]","og_url":"https:\/\/bestes-umzugsunternehmen-leipzig.de\/en\/eu-cookie-policy-2\/","og_site_name":"Bestes Umzugsunternehmen Leipzig","article_modified_time":"2025-10-22T22:25:44+00:00","twitter_card":"summary_large_image","twitter_misc":{"Estimated reading time":"4 minutes"},"schema":{"@context":"https:\/\/schema.org","@graph":[{"@type":"WebPage","@id":"https:\/\/bestes-umzugsunternehmen-leipzig.de\/cookie-richtlinie-eu\/","url":"https:\/\/bestes-umzugsunternehmen-leipzig.de\/cookie-richtlinie-eu\/","name":"Cookie Policy (EU) - Best Moving Company Leipzig","isPartOf":{"@id":"https:\/\/bestes-umzugsunternehmen-leipzig.de\/#website"},"datePublished":"2025-10-22T22:25:43+00:00","dateModified":"2025-10-22T22:25:44+00:00","breadcrumb":{"@id":"https:\/\/bestes-umzugsunternehmen-leipzig.de\/cookie-richtlinie-eu\/#breadcrumb"},"inLanguage":"en-GB","potentialAction":[{"@type":"ReadAction","target":["https:\/\/bestes-umzugsunternehmen-leipzig.de\/cookie-richtlinie-eu\/"]}]},{"@type":"BreadcrumbList","@id":"https:\/\/bestes-umzugsunternehmen-leipzig.de\/cookie-richtlinie-eu\/#breadcrumb","itemListElement":[{"@type":"ListItem","position":1,"name":"Startseite","item":"https:\/\/bestes-umzugsunternehmen-leipzig.de\/"},{"@type":"ListItem","position":2,"name":"Cookie-Richtlinie (EU)"}]},{"@type":"WebSite","@id":"https:\/\/bestes-umzugsunternehmen-leipzig.de\/#website","url":"https:\/\/bestes-umzugsunternehmen-leipzig.de\/","name":"Best moving company in Leipzig","description":"Best moving company in Leipzig - Praktik Transport and Removals","publisher":{"@id":"https:\/\/bestes-umzugsunternehmen-leipzig.de\/#organization"},"alternateName":"Bestes Umzugsunternehmen Leipzig","potentialAction":[{"@type":"SearchAction","target":{"@type":"EntryPoint","urlTemplate":"https:\/\/bestes-umzugsunternehmen-leipzig.de\/?s={search_term_string}"},"query-input":{"@type":"PropertyValueSpecification","valueRequired":true,"valueName":"search_term_string"}}],"inLanguage":"en-GB"},{"@type":"Organization","@id":"https:\/\/bestes-umzugsunternehmen-leipzig.de\/#organization","name":"Practical Transport and Removals","url":"https:\/\/bestes-umzugsunternehmen-leipzig.de\/","logo":{"@type":"ImageObject","inLanguage":"en-GB","@id":"https:\/\/bestes-umzugsunternehmen-leipzig.de\/#\/schema\/logo\/image\/","url":"https:\/\/bestes-umzugsunternehmen-leipzig.de\/wp-content\/uploads\/2025\/10\/cropped-111111-1.png","contentUrl":"https:\/\/bestes-umzugsunternehmen-leipzig.de\/wp-content\/uploads\/2025\/10\/cropped-111111-1.png","width":1535,"height":643,"caption":"Praktik Transport und Umz\u00fcge"},"image":{"@id":"https:\/\/bestes-umzugsunternehmen-leipzig.de\/#\/schema\/logo\/image\/"}}]}},"_hostinger_reach_plugin_has_subscription_block":false,"_hostinger_reach_plugin_is_elementor":false,"uagb_featured_image_src":{"full":false,"thumbnail":false,"medium":false,"medium_large":false,"large":false,"1536x1536":false,"2048x2048":false,"trp-custom-language-flag":false},"uagb_author_info":{"display_name":"emilkemal4@gmail.com","author_link":"https:\/\/bestes-umzugsunternehmen-leipzig.de\/en\/author\/emilkemal4gmail-com\/"},"uagb_comment_info":0,"uagb_excerpt":"Cookie-Richtlinie (EU) Diese Cookie-Richtlinie wurde zuletzt am 01\/12\/2025 aktualisiert und gilt f\u00fcr B\u00fcrger und Einwohner mit st\u00e4ndigem Wohnsitz im Europ\u00e4ischen Wirtschaftsraum und der Schweiz. 1. Einf\u00fchrung Unsere Website, https:\/\/bestes-umzugsunternehmen-leipzig.de\/ (im Folgenden: \u201edie Website\u201c), verwendet Cookies und \u00e4hnliche Technologien (der Einfachheit halber werden all diese unter \u201eCookies\u201c zusammengefasst). Cookies werden au\u00dferdem von uns beauftragten Drittparteien platziert.&hellip;","_links":{"self":[{"href":"https:\/\/bestes-umzugsunternehmen-leipzig.de\/en\/wp-json\/wp\/v2\/pages\/3877","targetHints":{"allow":["GET"]}}],"collection":[{"href":"https:\/\/bestes-umzugsunternehmen-leipzig.de\/en\/wp-json\/wp\/v2\/pages"}],"about":[{"href":"https:\/\/bestes-umzugsunternehmen-leipzig.de\/en\/wp-json\/wp\/v2\/types\/page"}],"author":[{"embeddable":true,"href":"https:\/\/bestes-umzugsunternehmen-leipzig.de\/en\/wp-json\/wp\/v2\/users\/1"}],"replies":[{"embeddable":true,"href":"https:\/\/bestes-umzugsunternehmen-leipzig.de\/en\/wp-json\/wp\/v2\/comments?post=3877"}],"version-history":[{"count":1,"href":"https:\/\/bestes-umzugsunternehmen-leipzig.de\/en\/wp-json\/wp\/v2\/pages\/3877\/revisions"}],"predecessor-version":[{"id":3878,"href":"https:\/\/bestes-umzugsunternehmen-leipzig.de\/en\/wp-json\/wp\/v2\/pages\/3877\/revisions\/3878"}],"wp:attachment":[{"href":"https:\/\/bestes-umzugsunternehmen-leipzig.de\/en\/wp-json\/wp\/v2\/media?parent=3877"}],"curies":[{"name":"wp","href":"https:\/\/api.w.org\/{rel}","templated":true}]}}