{"id":3884,"date":"2025-10-23T00:31:43","date_gmt":"2025-10-22T22:31:43","guid":{"rendered":"https:\/\/bestes-umzugsunternehmen-leipzig.de\/?page_id=3884"},"modified":"2025-10-24T15:04:10","modified_gmt":"2025-10-24T13:04:10","slug":"impressum","status":"publish","type":"page","link":"https:\/\/bestes-umzugsunternehmen-leipzig.de\/en\/imprint-2\/","title":{"rendered":"imprint"},"content":{"rendered":"<h1 class=\"wp-block-heading\"><strong>imprint<\/strong><\/h1>\n\n\n\n<p><strong>Practical Transport and Removals<\/strong><\/p>\n\n\n\n<p>Stromstr 21 10551 Berlin<\/p>\n\n\n\n<p><strong>Owner:<\/strong><\/p>\n\n\n\n<p>Yeliz Kurtoglu<\/p>\n\n\n\n<p><strong>Phone:<\/strong> +49 1625978461<\/p>\n\n\n\n<p><strong>E-mail:<\/strong> praktiktransport@gmail.com<\/p>\n\n\n\n<p><strong>Website:<\/strong> <a href=\"https:\/\/bestes-umzugsunternehmen-leipzig.de\/en\/\">https:\/\/bestes-umzugsunternehmen-leipzig.de\/<\/a><\/p>\n\n\n\n<hr class=\"wp-block-separator has-alpha-channel-opacity\"\/>\n\n\n\n<h2 class=\"wp-block-heading\"><strong>Disclaimer<\/strong><\/h2>\n\n\n\n<h3 class=\"wp-block-heading\"><strong>Liability for content<\/strong><\/h3>\n\n\n\n<p>The content of our pages has been created with the utmost care. However, we cannot guarantee the accuracy, completeness, or timeliness of the content.<\/p>\n\n\n\n<p>As a service provider, we are responsible for our own content on these pages in accordance with Section 7 Paragraph 1 of the German Telemedia Act (TMG).<\/p>\n\n\n\n<p>However, according to Sections 8 to 10 of the German Telemedia Act (TMG), we as service providers are not obligated to monitor transmitted or stored third-party information or to investigate circumstances that indicate illegal activity.<\/p>\n\n\n\n<p>Obligations to remove or block the use of information under general law remain unaffected. However, liability in this respect is only possible from the point at which a specific legal infringement becomes known.<\/p>\n\n\n\n<p>Upon becoming aware of any such legal infringements, we will remove this content immediately.<\/p>\n\n\n\n<hr class=\"wp-block-separator has-alpha-channel-opacity\"\/>\n\n\n\n<h3 class=\"wp-block-heading\"><strong>Liability for links<\/strong><\/h3>\n\n\n\n<p>Our website contains links to external websites of third parties, over whose content we have no influence.<\/p>\n\n\n\n<p>Therefore, we cannot assume any responsibility for this external content.<\/p>\n\n\n\n<p>The respective provider or operator of the linked pages is always responsible for their content.<\/p>\n\n\n\n<p>The linked pages were checked for possible legal violations at the time the links were created; no illegal content was apparent at that time.<\/p>\n\n\n\n<p>However, continuous monitoring of the content of linked pages is unreasonable without concrete evidence of a legal violation.<\/p>\n\n\n\n<p>Upon notification of legal infringements, we will remove such links immediately.<\/p>\n\n\n\n<hr class=\"wp-block-separator has-alpha-channel-opacity\"\/>\n\n\n\n<h2 class=\"wp-block-heading\"><strong>Data protection<\/strong><\/h2>\n\n\n\n<p>The use of our website is generally possible without providing personal data.<\/p>\n\n\n\n<p>Where personal data (e.g., name, address or email addresses) is collected on our website, this is always done on a voluntary basis.<\/p>\n\n\n\n<p>This data will not be shared with third parties without your explicit consent.<\/p>\n\n\n\n<p>Please note that data transmission over the Internet (e.g., when communicating via email) can have security vulnerabilities.<\/p>\n\n\n\n<p>Complete protection of data from access by third parties is not possible.<\/p>\n\n\n\n<p>The use of contact details published within the scope of the legal notice by third parties for sending unsolicited advertising and information materials is hereby expressly prohibited.<\/p>\n\n\n\n<p>The operators of these pages expressly reserve the right to take legal action in the event of unsolicited advertising, such as spam emails.<\/p>\n\n\n\n<hr class=\"wp-block-separator has-alpha-channel-opacity\"\/>\n\n\n\n<h2 class=\"wp-block-heading\"><strong>Google Analytics<\/strong><\/h2>\n\n\n\n<p>This website uses <strong>Google Analytics<\/strong>, a web analytics service provided by Google Inc. (\u201eGoogle\u201c).<\/p>\n\n\n\n<p>Google Analytics uses so-called &quot;cookies&quot;, text files that are stored on your computer and enable an analysis of the use of the website.<\/p>\n\n\n\n<p>The information generated by the cookie about your use of this website (including your IP address) will be transmitted to and stored on a Google server in the USA.<\/p>\n\n\n\n<p>Google will use this information to evaluate your use of the website, to compile reports on website activity for website operators, and to provide other services related to website activity and internet usage.<\/p>\n\n\n\n<p>Google may also transfer this information to third parties if required to do so by law or if third parties process this data on Google&#039;s behalf.<\/p>\n\n\n\n<p>Google will under no circumstances associate your IP address with other Google data.<\/p>\n\n\n\n<p>You can prevent the installation of cookies by adjusting your browser software settings accordingly;<\/p>\n\n\n\n<p>However, please note that in this case you may not be able to fully utilize all the functions of this website.<\/p>\n\n\n\n<p>By using this website, you agree to the processing of data about you by Google in the manner and for the purposes described.<\/p>\n\n\n\n<hr class=\"wp-block-separator has-alpha-channel-opacity\"\/>\n\n\n\n<p><\/p>","protected":false},"excerpt":{"rendered":"<p>Impressum Praktik Transport und Umz\u00fcge Stromstr 21 10551 Berlin Inhaber: Yeliz Kurtoglu Telefon: +49 1625978461 E-Mail: praktiktransport@gmail.com Website: https:\/\/bestes-umzugsunternehmen-leipzig.de\/ Haftungsausschluss (Disclaimer) Haftung f\u00fcr Inhalte Die Inhalte unserer Seiten wurden mit gr\u00f6\u00dfter Sorgfalt erstellt. F\u00fcr die Richtigkeit, Vollst\u00e4ndigkeit und Aktualit\u00e4t der Inhalte k\u00f6nnen wir jedoch keine Gew\u00e4hr \u00fcbernehmen. Als Diensteanbieter sind wir gem\u00e4\u00df \u00a7 7 Abs.1 [&hellip;]<\/p>\n","protected":false},"author":1,"featured_media":0,"parent":0,"menu_order":0,"comment_status":"closed","ping_status":"closed","template":"","meta":{"_uag_custom_page_level_css":"","site-sidebar-layout":"default","site-content-layout":"","ast-site-content-layout":"default","site-content-style":"default","site-sidebar-style":"default","ast-global-header-display":"","ast-banner-title-visibility":"","ast-main-header-display":"","ast-hfb-above-header-display":"","ast-hfb-below-header-display":"","ast-hfb-mobile-header-display":"","site-post-title":"disabled","ast-breadcrumbs-content":"","ast-featured-img":"","footer-sml-layout":"","ast-disable-related-posts":"","theme-transparent-header-meta":"","adv-header-id-meta":"","stick-header-meta":"","header-above-stick-meta":"","header-main-stick-meta":"","header-below-stick-meta":"","astra-migrate-meta-layouts":"set","ast-page-background-enabled":"default","ast-page-background-meta":{"desktop":{"background-color":"var(--ast-global-color-4)","background-image":"","background-repeat":"repeat","background-position":"center center","background-size":"auto","background-attachment":"scroll","background-type":"","background-media":"","overlay-type":"","overlay-color":"","overlay-opacity":"","overlay-gradient":""},"tablet":{"background-color":"","background-image":"","background-repeat":"repeat","background-position":"center center","background-size":"auto","background-attachment":"scroll","background-type":"","background-media":"","overlay-type":"","overlay-color":"","overlay-opacity":"","overlay-gradient":""},"mobile":{"background-color":"","background-image":"","background-repeat":"repeat","background-position":"center center","background-size":"auto","background-attachment":"scroll","background-type":"","background-media":"","overlay-type":"","overlay-color":"","overlay-opacity":"","overlay-gradient":""}},"ast-content-background-meta":{"desktop":{"background-color":"var(--ast-global-color-5)","background-image":"","background-repeat":"repeat","background-position":"center center","background-size":"auto","background-attachment":"scroll","background-type":"","background-media":"","overlay-type":"","overlay-color":"","overlay-opacity":"","overlay-gradient":""},"tablet":{"background-color":"var(--ast-global-color-5)","background-image":"","background-repeat":"repeat","background-position":"center center","background-size":"auto","background-attachment":"scroll","background-type":"","background-media":"","overlay-type":"","overlay-color":"","overlay-opacity":"","overlay-gradient":""},"mobile":{"background-color":"var(--ast-global-color-5)","background-image":"","background-repeat":"repeat","background-position":"center center","background-size":"auto","background-attachment":"scroll","background-type":"","background-media":"","overlay-type":"","overlay-color":"","overlay-opacity":"","overlay-gradient":""}},"footnotes":""},"class_list":["post-3884","page","type-page","status-publish","hentry"],"yoast_head":"<!-- This site is optimized with the Yoast SEO plugin v26.9 - https:\/\/yoast.com\/product\/yoast-seo-wordpress\/ -->\n<title>Impressum - Bestes Umzugsunternehmen Leipzig<\/title>\n<meta name=\"robots\" content=\"index, follow, max-snippet:-1, max-image-preview:large, max-video-preview:-1\" \/>\n<link rel=\"canonical\" href=\"https:\/\/bestes-umzugsunternehmen-leipzig.de\/en\/imprint-2\/\" \/>\n<meta property=\"og:locale\" content=\"en_GB\" \/>\n<meta property=\"og:type\" content=\"article\" \/>\n<meta property=\"og:title\" content=\"Impressum - Bestes Umzugsunternehmen Leipzig\" \/>\n<meta property=\"og:description\" content=\"Impressum Praktik Transport und Umz\u00fcge Stromstr 21 10551 Berlin Inhaber: Yeliz Kurtoglu Telefon: +49 1625978461 E-Mail: praktiktransport@gmail.com Website: https:\/\/bestes-umzugsunternehmen-leipzig.de\/ Haftungsausschluss (Disclaimer) Haftung f\u00fcr Inhalte Die Inhalte unserer Seiten wurden mit gr\u00f6\u00dfter Sorgfalt erstellt. F\u00fcr die Richtigkeit, Vollst\u00e4ndigkeit und Aktualit\u00e4t der Inhalte k\u00f6nnen wir jedoch keine Gew\u00e4hr \u00fcbernehmen. Als Diensteanbieter sind wir gem\u00e4\u00df \u00a7 7 Abs.1 [&hellip;]\" \/>\n<meta property=\"og:url\" content=\"https:\/\/bestes-umzugsunternehmen-leipzig.de\/en\/imprint-2\/\" \/>\n<meta property=\"og:site_name\" content=\"Bestes Umzugsunternehmen Leipzig\" \/>\n<meta property=\"article:modified_time\" content=\"2025-10-24T13:04:10+00:00\" \/>\n<meta name=\"twitter:card\" content=\"summary_large_image\" \/>\n<meta name=\"twitter:label1\" content=\"Estimated reading time\" \/>\n\t<meta name=\"twitter:data1\" content=\"3 minutes\" \/>\n<script type=\"application\/ld+json\" class=\"yoast-schema-graph\">{\"@context\":\"https:\/\/schema.org\",\"@graph\":[{\"@type\":\"WebPage\",\"@id\":\"https:\/\/bestes-umzugsunternehmen-leipzig.de\/impressum\/\",\"url\":\"https:\/\/bestes-umzugsunternehmen-leipzig.de\/impressum\/\",\"name\":\"Impressum - Bestes Umzugsunternehmen Leipzig\",\"isPartOf\":{\"@id\":\"https:\/\/bestes-umzugsunternehmen-leipzig.de\/#website\"},\"datePublished\":\"2025-10-22T22:31:43+00:00\",\"dateModified\":\"2025-10-24T13:04:10+00:00\",\"breadcrumb\":{\"@id\":\"https:\/\/bestes-umzugsunternehmen-leipzig.de\/impressum\/#breadcrumb\"},\"inLanguage\":\"en-GB\",\"potentialAction\":[{\"@type\":\"ReadAction\",\"target\":[\"https:\/\/bestes-umzugsunternehmen-leipzig.de\/impressum\/\"]}]},{\"@type\":\"BreadcrumbList\",\"@id\":\"https:\/\/bestes-umzugsunternehmen-leipzig.de\/impressum\/#breadcrumb\",\"itemListElement\":[{\"@type\":\"ListItem\",\"position\":1,\"name\":\"Startseite\",\"item\":\"https:\/\/bestes-umzugsunternehmen-leipzig.de\/\"},{\"@type\":\"ListItem\",\"position\":2,\"name\":\"Impressum\"}]},{\"@type\":\"WebSite\",\"@id\":\"https:\/\/bestes-umzugsunternehmen-leipzig.de\/#website\",\"url\":\"https:\/\/bestes-umzugsunternehmen-leipzig.de\/\",\"name\":\"Bestes Umzugsunternehmen Leipzig\",\"description\":\"Bestes Umzugsunternehmen Leipzig - Praktik Transport und Umz\u00fcge\",\"publisher\":{\"@id\":\"https:\/\/bestes-umzugsunternehmen-leipzig.de\/#organization\"},\"alternateName\":\"Bestes Umzugsunternehmen Leipzig\",\"potentialAction\":[{\"@type\":\"SearchAction\",\"target\":{\"@type\":\"EntryPoint\",\"urlTemplate\":\"https:\/\/bestes-umzugsunternehmen-leipzig.de\/?s={search_term_string}\"},\"query-input\":{\"@type\":\"PropertyValueSpecification\",\"valueRequired\":true,\"valueName\":\"search_term_string\"}}],\"inLanguage\":\"en-GB\"},{\"@type\":\"Organization\",\"@id\":\"https:\/\/bestes-umzugsunternehmen-leipzig.de\/#organization\",\"name\":\"Praktik Transport und Umz\u00fcge\",\"url\":\"https:\/\/bestes-umzugsunternehmen-leipzig.de\/\",\"logo\":{\"@type\":\"ImageObject\",\"inLanguage\":\"en-GB\",\"@id\":\"https:\/\/bestes-umzugsunternehmen-leipzig.de\/#\/schema\/logo\/image\/\",\"url\":\"https:\/\/bestes-umzugsunternehmen-leipzig.de\/wp-content\/uploads\/2025\/10\/cropped-111111-1.png\",\"contentUrl\":\"https:\/\/bestes-umzugsunternehmen-leipzig.de\/wp-content\/uploads\/2025\/10\/cropped-111111-1.png\",\"width\":1535,\"height\":643,\"caption\":\"Praktik Transport und Umz\u00fcge\"},\"image\":{\"@id\":\"https:\/\/bestes-umzugsunternehmen-leipzig.de\/#\/schema\/logo\/image\/\"}}]}<\/script>\n<!-- \/ Yoast SEO plugin. -->","yoast_head_json":{"title":"Imprint - Best moving company in Leipzig","robots":{"index":"index","follow":"follow","max-snippet":"max-snippet:-1","max-image-preview":"max-image-preview:large","max-video-preview":"max-video-preview:-1"},"canonical":"https:\/\/bestes-umzugsunternehmen-leipzig.de\/en\/imprint-2\/","og_locale":"en_GB","og_type":"article","og_title":"Impressum - Bestes Umzugsunternehmen Leipzig","og_description":"Impressum Praktik Transport und Umz\u00fcge Stromstr 21 10551 Berlin Inhaber: Yeliz Kurtoglu Telefon: +49 1625978461 E-Mail: praktiktransport@gmail.com Website: https:\/\/bestes-umzugsunternehmen-leipzig.de\/ Haftungsausschluss (Disclaimer) Haftung f\u00fcr Inhalte Die Inhalte unserer Seiten wurden mit gr\u00f6\u00dfter Sorgfalt erstellt. F\u00fcr die Richtigkeit, Vollst\u00e4ndigkeit und Aktualit\u00e4t der Inhalte k\u00f6nnen wir jedoch keine Gew\u00e4hr \u00fcbernehmen. Als Diensteanbieter sind wir gem\u00e4\u00df \u00a7 7 Abs.1 [&hellip;]","og_url":"https:\/\/bestes-umzugsunternehmen-leipzig.de\/en\/imprint-2\/","og_site_name":"Bestes Umzugsunternehmen Leipzig","article_modified_time":"2025-10-24T13:04:10+00:00","twitter_card":"summary_large_image","twitter_misc":{"Estimated reading time":"3 minutes"},"schema":{"@context":"https:\/\/schema.org","@graph":[{"@type":"WebPage","@id":"https:\/\/bestes-umzugsunternehmen-leipzig.de\/impressum\/","url":"https:\/\/bestes-umzugsunternehmen-leipzig.de\/impressum\/","name":"Imprint - Best moving company in Leipzig","isPartOf":{"@id":"https:\/\/bestes-umzugsunternehmen-leipzig.de\/#website"},"datePublished":"2025-10-22T22:31:43+00:00","dateModified":"2025-10-24T13:04:10+00:00","breadcrumb":{"@id":"https:\/\/bestes-umzugsunternehmen-leipzig.de\/impressum\/#breadcrumb"},"inLanguage":"en-GB","potentialAction":[{"@type":"ReadAction","target":["https:\/\/bestes-umzugsunternehmen-leipzig.de\/impressum\/"]}]},{"@type":"BreadcrumbList","@id":"https:\/\/bestes-umzugsunternehmen-leipzig.de\/impressum\/#breadcrumb","itemListElement":[{"@type":"ListItem","position":1,"name":"Startseite","item":"https:\/\/bestes-umzugsunternehmen-leipzig.de\/"},{"@type":"ListItem","position":2,"name":"Impressum"}]},{"@type":"WebSite","@id":"https:\/\/bestes-umzugsunternehmen-leipzig.de\/#website","url":"https:\/\/bestes-umzugsunternehmen-leipzig.de\/","name":"Best moving company in Leipzig","description":"Best moving company in Leipzig - Praktik Transport and Removals","publisher":{"@id":"https:\/\/bestes-umzugsunternehmen-leipzig.de\/#organization"},"alternateName":"Bestes Umzugsunternehmen Leipzig","potentialAction":[{"@type":"SearchAction","target":{"@type":"EntryPoint","urlTemplate":"https:\/\/bestes-umzugsunternehmen-leipzig.de\/?s={search_term_string}"},"query-input":{"@type":"PropertyValueSpecification","valueRequired":true,"valueName":"search_term_string"}}],"inLanguage":"en-GB"},{"@type":"Organization","@id":"https:\/\/bestes-umzugsunternehmen-leipzig.de\/#organization","name":"Practical Transport and Removals","url":"https:\/\/bestes-umzugsunternehmen-leipzig.de\/","logo":{"@type":"ImageObject","inLanguage":"en-GB","@id":"https:\/\/bestes-umzugsunternehmen-leipzig.de\/#\/schema\/logo\/image\/","url":"https:\/\/bestes-umzugsunternehmen-leipzig.de\/wp-content\/uploads\/2025\/10\/cropped-111111-1.png","contentUrl":"https:\/\/bestes-umzugsunternehmen-leipzig.de\/wp-content\/uploads\/2025\/10\/cropped-111111-1.png","width":1535,"height":643,"caption":"Praktik Transport und Umz\u00fcge"},"image":{"@id":"https:\/\/bestes-umzugsunternehmen-leipzig.de\/#\/schema\/logo\/image\/"}}]}},"_hostinger_reach_plugin_has_subscription_block":false,"_hostinger_reach_plugin_is_elementor":false,"uagb_featured_image_src":{"full":false,"thumbnail":false,"medium":false,"medium_large":false,"large":false,"1536x1536":false,"2048x2048":false,"trp-custom-language-flag":false},"uagb_author_info":{"display_name":"emilkemal4@gmail.com","author_link":"https:\/\/bestes-umzugsunternehmen-leipzig.de\/en\/author\/emilkemal4gmail-com\/"},"uagb_comment_info":0,"uagb_excerpt":"Impressum Praktik Transport und Umz\u00fcge Stromstr 21 10551 Berlin Inhaber: Yeliz Kurtoglu Telefon: +49 1625978461 E-Mail: praktiktransport@gmail.com Website: https:\/\/bestes-umzugsunternehmen-leipzig.de\/ Haftungsausschluss (Disclaimer) Haftung f\u00fcr Inhalte Die Inhalte unserer Seiten wurden mit gr\u00f6\u00dfter Sorgfalt erstellt. F\u00fcr die Richtigkeit, Vollst\u00e4ndigkeit und Aktualit\u00e4t der Inhalte k\u00f6nnen wir jedoch keine Gew\u00e4hr \u00fcbernehmen. Als Diensteanbieter sind wir gem\u00e4\u00df \u00a7 7 Abs.1&hellip;","_links":{"self":[{"href":"https:\/\/bestes-umzugsunternehmen-leipzig.de\/en\/wp-json\/wp\/v2\/pages\/3884","targetHints":{"allow":["GET"]}}],"collection":[{"href":"https:\/\/bestes-umzugsunternehmen-leipzig.de\/en\/wp-json\/wp\/v2\/pages"}],"about":[{"href":"https:\/\/bestes-umzugsunternehmen-leipzig.de\/en\/wp-json\/wp\/v2\/types\/page"}],"author":[{"embeddable":true,"href":"https:\/\/bestes-umzugsunternehmen-leipzig.de\/en\/wp-json\/wp\/v2\/users\/1"}],"replies":[{"embeddable":true,"href":"https:\/\/bestes-umzugsunternehmen-leipzig.de\/en\/wp-json\/wp\/v2\/comments?post=3884"}],"version-history":[{"count":2,"href":"https:\/\/bestes-umzugsunternehmen-leipzig.de\/en\/wp-json\/wp\/v2\/pages\/3884\/revisions"}],"predecessor-version":[{"id":4184,"href":"https:\/\/bestes-umzugsunternehmen-leipzig.de\/en\/wp-json\/wp\/v2\/pages\/3884\/revisions\/4184"}],"wp:attachment":[{"href":"https:\/\/bestes-umzugsunternehmen-leipzig.de\/en\/wp-json\/wp\/v2\/media?parent=3884"}],"curies":[{"name":"wp","href":"https:\/\/api.w.org\/{rel}","templated":true}]}}