{"id":1931,"date":"2025-04-25T16:04:04","date_gmt":"2025-04-25T16:04:04","guid":{"rendered":"https:\/\/bestes-umzugsunternehmen-leipzig.de\/?page_id=1931"},"modified":"2025-10-26T23:57:14","modified_gmt":"2025-10-26T21:57:14","slug":"fernumzuege-zuverlaessig-schnell-deutschlandweit-organisiert","status":"publish","type":"page","link":"https:\/\/bestes-umzugsunternehmen-leipzig.de\/tr\/yaslanma-karsiti-tedavi\/","title":{"rendered":"Fernumz\u00fcge \u2013 Zuverl\u00e4ssig, Schnell &#038; Deutschlandweit organisiert"},"content":{"rendered":"<div class=\"wp-block-uagb-container uagb-block-5451af51 alignfull uagb-is-root-container\"><div class=\"uagb-container-inner-blocks-wrap\">\n<div class=\"wp-block-uagb-advanced-heading uagb-block-f45ed1f8\"><h1 class=\"uagb-heading-text\"><br><strong>Leipzig&#039;tan uzun mesafeli ta\u015f\u0131mac\u0131l\u0131k<\/strong><\/h1><\/div>\n<\/div><\/div>\n\n\n\n<div class=\"wp-block-uagb-container uagb-block-wlmazrwo alignfull uagb-is-root-container\"><div class=\"uagb-container-inner-blocks-wrap\">\n<div class=\"wp-block-uagb-container uagb-block-0btjzulc alignfull uagb-is-root-container\"><div class=\"uagb-container-inner-blocks-wrap\">\n<div class=\"wp-block-uagb-image alignleft uagb-block-6xnwaqpe wp-block-uagb-image--layout-default wp-block-uagb-image--effect-static wp-block-uagb-image--align-left\"><figure class=\"wp-block-uagb-image__figure\"><img decoding=\"async\" srcset=\"https:\/\/bestes-umzugsunternehmen-leipzig.de\/wp-content\/uploads\/2025\/07\/Image_fx-18.png ,https:\/\/bestes-umzugsunternehmen-leipzig.de\/wp-content\/uploads\/2025\/07\/Image_fx-18.png 780w, https:\/\/bestes-umzugsunternehmen-leipzig.de\/wp-content\/uploads\/2025\/07\/Image_fx-18.png 360w\" sizes=\"auto, (max-width: 480px) 150px\" src=\"https:\/\/bestes-umzugsunternehmen-leipzig.de\/wp-content\/uploads\/2025\/07\/Image_fx-18.png\" alt=\"\" class=\"uag-image-2640\" width=\"564\" height=\"400\" title=\"Resim_fx-18\" loading=\"lazy\" role=\"img\"\/><\/figure><\/div>\n\n\n\n<div class=\"wp-block-uagb-container uagb-block-xrkfcv1q\">\n<div class=\"wp-block-uagb-info-box uagb-block-amettuy1 uagb-infobox__content-wrap  uagb-infobox-icon-above-title uagb-infobox-image-valign-top\"><div class=\"uagb-ifb-content\"><div class=\"uagb-ifb-title-wrap\"><h3 class=\"uagb-ifb-title\"><strong><strong>Leipzig&#039;tan uzun mesafeli ta\u015f\u0131mac\u0131l\u0131k \u2013 Almanya genelinde g\u00fcvenilir, h\u0131zl\u0131 ve organize<\/strong><\/strong><\/h3><\/div><p class=\"uagb-ifb-desc\">Uzun mesafeli bir ta\u015f\u0131nma sadece organizasyondan \u00e7ok daha fazlas\u0131n\u0131 gerektirir; hassasiyet, deneyim ve g\u00fcven gerektirir.<br>\u0130le <strong>Pratik Ta\u015f\u0131mac\u0131l\u0131k ve Nakliye<\/strong> Konu i\u015f oldu\u011funda yan\u0131n\u0131zda do\u011fru partneriniz var m\u0131? <strong>Leipzig&#039;tan uzun mesafeli ta\u015f\u0131mac\u0131l\u0131k<\/strong> gitmek.<br>Almanya i\u00e7inde veya kom\u015fu \u00fclkelere \u2013 sorunsuz planlama, g\u00fcvenli ta\u015f\u0131ma ve zaman\u0131nda teslimat\u0131 garanti ediyoruz.<br><br>Gibi <strong>Leipzig&#039;taki en iyi nakliye \u015firketi<\/strong> G\u00fcvenilirli\u011fi, uygun fiyat ve son teknoloji lojistikle birle\u015ftiriyoruz.<br>Paketlemeden mobilya montaj\u0131na kadar her \u015feyle biz ilgileniyoruz, b\u00f6ylece yeni var\u0131\u015f noktan\u0131za stressiz ve g\u00fcvenli bir \u015fekilde ula\u015f\u0131yorsunuz.<\/p><\/div><\/div>\n<\/div>\n<\/div><\/div>\n<\/div><\/div>\n\n\n\n<div class=\"wp-block-uagb-container uagb-block-onenjlwh alignfull uagb-is-root-container\"><div class=\"uagb-container-inner-blocks-wrap\">\n<div class=\"wp-block-uagb-info-box uagb-block-kdw4sbfe uagb-infobox__content-wrap  uagb-infobox-icon-above-title uagb-infobox-image-valign-top\"><div class=\"uagb-ifb-content\"><div class=\"uagb-ifb-title-wrap\"><h2 class=\"uagb-ifb-title\">Sistem ve deneyimle \u00fclke \u00e7ap\u0131nda ta\u015f\u0131mac\u0131l\u0131k<\/h2><\/div><p class=\"uagb-ifb-desc\">Uzun mesafelerde ta\u015f\u0131nmak \u00e7o\u011fu zaman zorlu bir i\u015ftir; ancak, <strong>Pratik Ta\u015f\u0131mac\u0131l\u0131k ve Nakliye<\/strong> \u0130yi d\u00fc\u015f\u00fcn\u00fclm\u00fc\u015f bir s\u00fcre\u00e7 haline geliyor.<br>Uzmanlar\u0131m\u0131z her ad\u0131m\u0131 titizlikle planl\u0131yor, e\u015fyalar\u0131n\u0131z\u0131 profesyonelce g\u00fcvence alt\u0131na al\u0131yor ve yeni evinize zaman\u0131nda teslimat\u0131 garanti ediyor.<br><br>\u0130ster m\u00fcstakil bir ev, ister apartman veya \u015firket ta\u015f\u0131mac\u0131l\u0131\u011f\u0131 olsun: Program\u0131n\u0131za ve b\u00fct\u00e7enize tam olarak uygun, \u00f6zelle\u015ftirilmi\u015f \u00e7\u00f6z\u00fcmler sunuyoruz.<br>Gibi <strong>Leipzig&#039;taki en iyi nakliye \u015firketi<\/strong> \u0130lk dan\u0131\u015fmanl\u0131ktan anahtar teslimine kadar verimlilik, g\u00fcvenlik ve m\u00fckemmel m\u00fc\u015fteri hizmetinin teminat\u0131y\u0131z.<\/p><\/div><\/div>\n\n\n\n<div class=\"wp-block-uagb-info-box uagb-block-6f18b7a4 uagb-infobox__content-wrap  uagb-infobox-icon-above-title uagb-infobox-image-valign-top\"><div class=\"uagb-ifb-content\"><div class=\"uagb-ifb-title-wrap\"><h2 class=\"uagb-ifb-title\"><strong><strong>Her \u015fey dahil hizmetle uzun mesafeli ta\u015f\u0131nman\u0131z<\/strong><\/strong><\/h2><\/div><p class=\"uagb-ifb-desc\">\u0130le <strong>Pratik Ta\u015f\u0131mac\u0131l\u0131k ve Nakliye<\/strong> Kapsaml\u0131 bir ta\u015f\u0131mac\u0131l\u0131k hizmetinden yararlan\u0131n.<br>Uzun mesafeli ta\u015f\u0131nmalarda s\u00f6k\u00fcm, ta\u015f\u0131ma, montaj ve t\u00fcm formaliteleri biz \u00fcstleniyoruz.<br>Berlin, M\u00fcnih veya Hamburg fark etmeksizin mobilyalar\u0131n\u0131z\u0131 Almanya&#039;n\u0131n her yerine h\u0131zl\u0131 ve hasars\u0131z bir \u015fekilde ula\u015ft\u0131r\u0131yoruz.<br><br>Amac\u0131m\u0131z size m\u00fcmk\u00fcn olan en iyi konforu \u015feffaf, g\u00fcvenilir ve ki\u015fisel bir \u015fekilde sunmakt\u0131r.<br>\u0130\u015fte bu y\u00fczden biz sadece bir ortak de\u011fil, ayn\u0131 zamanda <strong>Leipzig&#039;taki en iyi nakliye \u015firketi<\/strong>, g\u00fcvenebilece\u011finiz ki\u015fi.<\/p><\/div><\/div>\n<\/div><\/div>\n\n\n\n<div class=\"wp-block-uagb-container uagb-block-9caa1a47 alignfull uagb-is-root-container\"><div class=\"uagb-container-inner-blocks-wrap\">\n<div class=\"wp-block-uagb-advanced-heading uagb-block-3a57683f\"><h2 class=\"uagb-heading-text\">\ud83d\udcde \u015eimdi ek kargo talep edin ve tasarruf edin<\/h2><\/div>\n\n\n\n<div class=\"wp-block-uagb-buttons uagb-buttons__outer-wrap uagb-btn__default-btn uagb-btn-tablet__default-btn uagb-btn-mobile__default-btn uagb-block-9979be0d\"><div class=\"uagb-buttons__wrap uagb-buttons-layout-wrap\">\n<div class=\"wp-block-uagb-buttons-child uagb-buttons__outer-wrap uagb-block-84fd34e5 wp-block-button\"><div class=\"uagb-button__wrapper\"><a class=\"uagb-buttons-repeater wp-block-button__link\" aria-label=\"\" href=\"https:\/\/bestes-umzugsunternehmen-leipzig.de\/tr\/teklif-isteyin\/\" rel=\"follow noopener\" target=\"_self\" role=\"button\"><div class=\"uagb-button__link\">Teklif isteyin<\/div><\/a><\/div><\/div>\n<\/div><\/div>\n\n\n\n<div class=\"wp-block-uagb-buttons uagb-buttons__outer-wrap uagb-btn__default-btn uagb-btn-tablet__default-btn uagb-btn-mobile__default-btn uagb-block-f7add131\"><div class=\"uagb-buttons__wrap uagb-buttons-layout-wrap\">\n<div class=\"wp-block-uagb-buttons-child uagb-buttons__outer-wrap uagb-block-0c11dd62 wp-block-button\"><div class=\"uagb-button__wrapper\"><a class=\"uagb-buttons-repeater wp-block-button__link\" aria-label=\"\" href=\"https:\/\/bestes-umzugsunternehmen-leipzig.de\/tr\/hizli-sorgulama\/\" rel=\"follow noopener\" target=\"_self\" role=\"button\"><div class=\"uagb-button__link\">H\u0131zl\u0131 istek<\/div><\/a><\/div><\/div>\n<\/div><\/div>\n\n\n\n<div class=\"wp-block-uagb-buttons uagb-buttons__outer-wrap uagb-btn__default-btn uagb-btn-tablet__default-btn uagb-btn-mobile__default-btn uagb-block-fc4cb596\"><div class=\"uagb-buttons__wrap uagb-buttons-layout-wrap\">\n<div class=\"wp-block-uagb-buttons-child uagb-buttons__outer-wrap uagb-block-6d810b26 wp-block-button\"><div class=\"uagb-button__wrapper\"><a class=\"uagb-buttons-repeater wp-block-button__link\" aria-label=\"\" href=\"https:\/\/bestes-umzugsunternehmen-leipzig.de\/tr\/iletisime-gecin\/\" rel=\"follow noopener\" target=\"_self\" role=\"button\"><div class=\"uagb-button__link\">Bize Ula\u015f\u0131n<\/div><\/a><\/div><\/div>\n<\/div><\/div>\n\n\n\n<div class=\"wp-block-uagb-buttons uagb-buttons__outer-wrap uagb-btn__default-btn uagb-btn-tablet__default-btn uagb-btn-mobile__default-btn uagb-block-69da2b3b\"><div class=\"uagb-buttons__wrap uagb-buttons-layout-wrap\">\n<div class=\"wp-block-uagb-buttons-child uagb-buttons__outer-wrap uagb-block-1018754e wp-block-button\"><div class=\"uagb-button__wrapper\"><a class=\"uagb-buttons-repeater wp-block-button__link\" aria-label=\"\" href=\"https:\/\/bestes-umzugsunternehmen-leipzig.de\/tr\/hakkimizda-bilgi\/\" rel=\"follow noopener\" target=\"_self\" role=\"button\"><div class=\"uagb-button__link\">Hakk\u0131m\u0131zda<\/div><\/a><\/div><\/div>\n<\/div><\/div>\n\n\n\n<div class=\"wp-block-uagb-advanced-heading uagb-block-838a0a13\"><div class=\"uagb-separator\"><\/div><h3 class=\"uagb-heading-text\">\u00dccretsiz dan\u0131\u015fmanl\u0131k? +49 1625978461<\/h3><\/div>\n<\/div><\/div>","protected":false},"excerpt":{"rendered":"<p>Leipzig&#039;tan uzun mesafeli ta\u015f\u0131mac\u0131l\u0131k<\/p>","protected":false},"author":1,"featured_media":0,"parent":0,"menu_order":0,"comment_status":"closed","ping_status":"closed","template":"","meta":{"_uag_custom_page_level_css":"","site-sidebar-layout":"default","site-content-layout":"","ast-site-content-layout":"default","site-content-style":"default","site-sidebar-style":"default","ast-global-header-display":"","ast-banner-title-visibility":"","ast-main-header-display":"","ast-hfb-above-header-display":"","ast-hfb-below-header-display":"","ast-hfb-mobile-header-display":"","site-post-title":"disabled","ast-breadcrumbs-content":"","ast-featured-img":"","footer-sml-layout":"","ast-disable-related-posts":"","theme-transparent-header-meta":"","adv-header-id-meta":"","stick-header-meta":"","header-above-stick-meta":"","header-main-stick-meta":"","header-below-stick-meta":"","astra-migrate-meta-layouts":"set","ast-page-background-enabled":"default","ast-page-background-meta":{"desktop":{"background-color":"var(--ast-global-color-4)","background-image":"","background-repeat":"repeat","background-position":"center center","background-size":"auto","background-attachment":"scroll","background-type":"","background-media":"","overlay-type":"","overlay-color":"","overlay-opacity":"","overlay-gradient":""},"tablet":{"background-color":"","background-image":"","background-repeat":"repeat","background-position":"center center","background-size":"auto","background-attachment":"scroll","background-type":"","background-media":"","overlay-type":"","overlay-color":"","overlay-opacity":"","overlay-gradient":""},"mobile":{"background-color":"","background-image":"","background-repeat":"repeat","background-position":"center center","background-size":"auto","background-attachment":"scroll","background-type":"","background-media":"","overlay-type":"","overlay-color":"","overlay-opacity":"","overlay-gradient":""}},"ast-content-background-meta":{"desktop":{"background-color":"var(--ast-global-color-5)","background-image":"","background-repeat":"repeat","background-position":"center center","background-size":"auto","background-attachment":"scroll","background-type":"","background-media":"","overlay-type":"","overlay-color":"","overlay-opacity":"","overlay-gradient":""},"tablet":{"background-color":"var(--ast-global-color-5)","background-image":"","background-repeat":"repeat","background-position":"center center","background-size":"auto","background-attachment":"scroll","background-type":"","background-media":"","overlay-type":"","overlay-color":"","overlay-opacity":"","overlay-gradient":""},"mobile":{"background-color":"var(--ast-global-color-5)","background-image":"","background-repeat":"repeat","background-position":"center center","background-size":"auto","background-attachment":"scroll","background-type":"","background-media":"","overlay-type":"","overlay-color":"","overlay-opacity":"","overlay-gradient":""}},"footnotes":""},"class_list":["post-1931","page","type-page","status-publish","hentry"],"yoast_head":"<!-- This site is optimized with the Yoast SEO plugin v26.9 - https:\/\/yoast.com\/product\/yoast-seo-wordpress\/ -->\n<title>Fernumz\u00fcge ab Leipzig \u2013 Schnell, Sicher &amp; Deutschlandweit<\/title>\n<meta name=\"description\" content=\"Professionelle Fernumz\u00fcge ab Leipzig mit Praktik Transport und Umz\u00fcge.Ihr Bestes Umzugsunternehmen Leipzig \u2013 zuverl\u00e4ssig, g\u00fcnstig und deutschlandweit organisiert.\" \/>\n<meta name=\"robots\" content=\"index, follow, max-snippet:-1, max-image-preview:large, max-video-preview:-1\" \/>\n<link rel=\"canonical\" href=\"https:\/\/bestes-umzugsunternehmen-leipzig.de\/tr\/yaslanma-karsiti-tedavi\/\" \/>\n<meta property=\"og:locale\" content=\"tr_TR\" \/>\n<meta property=\"og:type\" content=\"article\" \/>\n<meta property=\"og:title\" content=\"Fernumz\u00fcge ab Leipzig \u2013 Schnell, Sicher &amp; Deutschlandweit\" \/>\n<meta property=\"og:description\" content=\"Professionelle Fernumz\u00fcge ab Leipzig mit Praktik Transport und Umz\u00fcge.Ihr Bestes Umzugsunternehmen Leipzig \u2013 zuverl\u00e4ssig, g\u00fcnstig und deutschlandweit organisiert.\" \/>\n<meta property=\"og:url\" content=\"https:\/\/bestes-umzugsunternehmen-leipzig.de\/tr\/yaslanma-karsiti-tedavi\/\" \/>\n<meta property=\"og:site_name\" content=\"Bestes Umzugsunternehmen Leipzig\" \/>\n<meta property=\"article:modified_time\" content=\"2025-10-26T21:57:14+00:00\" \/>\n<meta property=\"og:image\" content=\"https:\/\/bestes-umzugsunternehmen-leipzig.de\/wp-content\/uploads\/2025\/07\/Image_fx-18.png\" \/>\n<meta name=\"twitter:card\" content=\"summary_large_image\" \/>\n<meta name=\"twitter:label1\" content=\"Tahmini okuma s\u00fcresi\" \/>\n\t<meta name=\"twitter:data1\" content=\"2 dakika\" \/>\n<script type=\"application\/ld+json\" class=\"yoast-schema-graph\">{\"@context\":\"https:\/\/schema.org\",\"@graph\":[{\"@type\":\"WebPage\",\"@id\":\"https:\/\/bestes-umzugsunternehmen-leipzig.de\/fernumzuege-zuverlaessig-schnell-deutschlandweit-organisiert\/\",\"url\":\"https:\/\/bestes-umzugsunternehmen-leipzig.de\/fernumzuege-zuverlaessig-schnell-deutschlandweit-organisiert\/\",\"name\":\"Fernumz\u00fcge ab Leipzig \u2013 Schnell, Sicher & Deutschlandweit\",\"isPartOf\":{\"@id\":\"https:\/\/bestes-umzugsunternehmen-leipzig.de\/#website\"},\"primaryImageOfPage\":{\"@id\":\"https:\/\/bestes-umzugsunternehmen-leipzig.de\/fernumzuege-zuverlaessig-schnell-deutschlandweit-organisiert\/#primaryimage\"},\"image\":{\"@id\":\"https:\/\/bestes-umzugsunternehmen-leipzig.de\/fernumzuege-zuverlaessig-schnell-deutschlandweit-organisiert\/#primaryimage\"},\"thumbnailUrl\":\"https:\/\/bestes-umzugsunternehmen-leipzig.de\/wp-content\/uploads\/2025\/07\/Image_fx-18.png\",\"datePublished\":\"2025-04-25T16:04:04+00:00\",\"dateModified\":\"2025-10-26T21:57:14+00:00\",\"description\":\"Professionelle Fernumz\u00fcge ab Leipzig mit Praktik Transport und Umz\u00fcge.Ihr Bestes Umzugsunternehmen Leipzig \u2013 zuverl\u00e4ssig, g\u00fcnstig und deutschlandweit organisiert.\",\"breadcrumb\":{\"@id\":\"https:\/\/bestes-umzugsunternehmen-leipzig.de\/fernumzuege-zuverlaessig-schnell-deutschlandweit-organisiert\/#breadcrumb\"},\"inLanguage\":\"tr\",\"potentialAction\":[{\"@type\":\"ReadAction\",\"target\":[\"https:\/\/bestes-umzugsunternehmen-leipzig.de\/fernumzuege-zuverlaessig-schnell-deutschlandweit-organisiert\/\"]}]},{\"@type\":\"ImageObject\",\"inLanguage\":\"tr\",\"@id\":\"https:\/\/bestes-umzugsunternehmen-leipzig.de\/fernumzuege-zuverlaessig-schnell-deutschlandweit-organisiert\/#primaryimage\",\"url\":\"https:\/\/bestes-umzugsunternehmen-leipzig.de\/wp-content\/uploads\/2025\/07\/Image_fx-18.png\",\"contentUrl\":\"https:\/\/bestes-umzugsunternehmen-leipzig.de\/wp-content\/uploads\/2025\/07\/Image_fx-18.png\"},{\"@type\":\"BreadcrumbList\",\"@id\":\"https:\/\/bestes-umzugsunternehmen-leipzig.de\/fernumzuege-zuverlaessig-schnell-deutschlandweit-organisiert\/#breadcrumb\",\"itemListElement\":[{\"@type\":\"ListItem\",\"position\":1,\"name\":\"Startseite\",\"item\":\"https:\/\/bestes-umzugsunternehmen-leipzig.de\/\"},{\"@type\":\"ListItem\",\"position\":2,\"name\":\"Fernumz\u00fcge \u2013 Zuverl\u00e4ssig, Schnell &#038; Deutschlandweit organisiert\"}]},{\"@type\":\"WebSite\",\"@id\":\"https:\/\/bestes-umzugsunternehmen-leipzig.de\/#website\",\"url\":\"https:\/\/bestes-umzugsunternehmen-leipzig.de\/\",\"name\":\"Bestes Umzugsunternehmen Leipzig\",\"description\":\"Bestes Umzugsunternehmen Leipzig - Praktik Transport und Umz\u00fcge\",\"publisher\":{\"@id\":\"https:\/\/bestes-umzugsunternehmen-leipzig.de\/#organization\"},\"alternateName\":\"Bestes Umzugsunternehmen Leipzig\",\"potentialAction\":[{\"@type\":\"SearchAction\",\"target\":{\"@type\":\"EntryPoint\",\"urlTemplate\":\"https:\/\/bestes-umzugsunternehmen-leipzig.de\/?s={search_term_string}\"},\"query-input\":{\"@type\":\"PropertyValueSpecification\",\"valueRequired\":true,\"valueName\":\"search_term_string\"}}],\"inLanguage\":\"tr\"},{\"@type\":\"Organization\",\"@id\":\"https:\/\/bestes-umzugsunternehmen-leipzig.de\/#organization\",\"name\":\"Praktik Transport und Umz\u00fcge\",\"url\":\"https:\/\/bestes-umzugsunternehmen-leipzig.de\/\",\"logo\":{\"@type\":\"ImageObject\",\"inLanguage\":\"tr\",\"@id\":\"https:\/\/bestes-umzugsunternehmen-leipzig.de\/#\/schema\/logo\/image\/\",\"url\":\"https:\/\/bestes-umzugsunternehmen-leipzig.de\/wp-content\/uploads\/2025\/10\/cropped-111111-1.png\",\"contentUrl\":\"https:\/\/bestes-umzugsunternehmen-leipzig.de\/wp-content\/uploads\/2025\/10\/cropped-111111-1.png\",\"width\":1535,\"height\":643,\"caption\":\"Praktik Transport und Umz\u00fcge\"},\"image\":{\"@id\":\"https:\/\/bestes-umzugsunternehmen-leipzig.de\/#\/schema\/logo\/image\/\"}}]}<\/script>\n<!-- \/ Yoast SEO plugin. -->","yoast_head_json":{"title":"Leipzig&#039;tan uzun mesafeli ta\u015f\u0131mac\u0131l\u0131k \u2013 H\u0131zl\u0131, g\u00fcvenli ve \u00fclke \u00e7ap\u0131nda","description":"Praktik Transport und Umz\u00fcge ile Leipzig&#039;tan profesyonel uzun mesafeli ta\u015f\u0131mac\u0131l\u0131k. Leipzig&#039;taki en iyi nakliye \u015firketiniz - Almanya genelinde g\u00fcvenilir, uygun fiyatl\u0131 ve organize.","robots":{"index":"index","follow":"follow","max-snippet":"max-snippet:-1","max-image-preview":"max-image-preview:large","max-video-preview":"max-video-preview:-1"},"canonical":"https:\/\/bestes-umzugsunternehmen-leipzig.de\/tr\/yaslanma-karsiti-tedavi\/","og_locale":"tr_TR","og_type":"article","og_title":"Fernumz\u00fcge ab Leipzig \u2013 Schnell, Sicher & Deutschlandweit","og_description":"Professionelle Fernumz\u00fcge ab Leipzig mit Praktik Transport und Umz\u00fcge.Ihr Bestes Umzugsunternehmen Leipzig \u2013 zuverl\u00e4ssig, g\u00fcnstig und deutschlandweit organisiert.","og_url":"https:\/\/bestes-umzugsunternehmen-leipzig.de\/tr\/yaslanma-karsiti-tedavi\/","og_site_name":"Bestes Umzugsunternehmen Leipzig","article_modified_time":"2025-10-26T21:57:14+00:00","og_image":[{"url":"https:\/\/bestes-umzugsunternehmen-leipzig.de\/wp-content\/uploads\/2025\/07\/Image_fx-18.png","type":"","width":"","height":""}],"twitter_card":"summary_large_image","twitter_misc":{"Tahmini okuma s\u00fcresi":"2 dakika"},"schema":{"@context":"https:\/\/schema.org","@graph":[{"@type":"WebPage","@id":"https:\/\/bestes-umzugsunternehmen-leipzig.de\/fernumzuege-zuverlaessig-schnell-deutschlandweit-organisiert\/","url":"https:\/\/bestes-umzugsunternehmen-leipzig.de\/fernumzuege-zuverlaessig-schnell-deutschlandweit-organisiert\/","name":"Leipzig&#039;tan uzun mesafeli ta\u015f\u0131mac\u0131l\u0131k \u2013 H\u0131zl\u0131, g\u00fcvenli ve \u00fclke \u00e7ap\u0131nda","isPartOf":{"@id":"https:\/\/bestes-umzugsunternehmen-leipzig.de\/#website"},"primaryImageOfPage":{"@id":"https:\/\/bestes-umzugsunternehmen-leipzig.de\/fernumzuege-zuverlaessig-schnell-deutschlandweit-organisiert\/#primaryimage"},"image":{"@id":"https:\/\/bestes-umzugsunternehmen-leipzig.de\/fernumzuege-zuverlaessig-schnell-deutschlandweit-organisiert\/#primaryimage"},"thumbnailUrl":"https:\/\/bestes-umzugsunternehmen-leipzig.de\/wp-content\/uploads\/2025\/07\/Image_fx-18.png","datePublished":"2025-04-25T16:04:04+00:00","dateModified":"2025-10-26T21:57:14+00:00","description":"Praktik Transport und Umz\u00fcge ile Leipzig&#039;tan profesyonel uzun mesafeli ta\u015f\u0131mac\u0131l\u0131k. Leipzig&#039;taki en iyi nakliye \u015firketiniz - Almanya genelinde g\u00fcvenilir, uygun fiyatl\u0131 ve organize.","breadcrumb":{"@id":"https:\/\/bestes-umzugsunternehmen-leipzig.de\/fernumzuege-zuverlaessig-schnell-deutschlandweit-organisiert\/#breadcrumb"},"inLanguage":"tr","potentialAction":[{"@type":"ReadAction","target":["https:\/\/bestes-umzugsunternehmen-leipzig.de\/fernumzuege-zuverlaessig-schnell-deutschlandweit-organisiert\/"]}]},{"@type":"ImageObject","inLanguage":"tr","@id":"https:\/\/bestes-umzugsunternehmen-leipzig.de\/fernumzuege-zuverlaessig-schnell-deutschlandweit-organisiert\/#primaryimage","url":"https:\/\/bestes-umzugsunternehmen-leipzig.de\/wp-content\/uploads\/2025\/07\/Image_fx-18.png","contentUrl":"https:\/\/bestes-umzugsunternehmen-leipzig.de\/wp-content\/uploads\/2025\/07\/Image_fx-18.png"},{"@type":"BreadcrumbList","@id":"https:\/\/bestes-umzugsunternehmen-leipzig.de\/fernumzuege-zuverlaessig-schnell-deutschlandweit-organisiert\/#breadcrumb","itemListElement":[{"@type":"ListItem","position":1,"name":"Startseite","item":"https:\/\/bestes-umzugsunternehmen-leipzig.de\/"},{"@type":"ListItem","position":2,"name":"Fernumz\u00fcge \u2013 Zuverl\u00e4ssig, Schnell &#038; Deutschlandweit organisiert"}]},{"@type":"WebSite","@id":"https:\/\/bestes-umzugsunternehmen-leipzig.de\/#website","url":"https:\/\/bestes-umzugsunternehmen-leipzig.de\/","name":"Leipzig&#039;taki en iyi nakliye \u015firketi","description":"Bestes Umzugsunternehmen Leipzig - Praktik Transport und Umz\u00fcge","publisher":{"@id":"https:\/\/bestes-umzugsunternehmen-leipzig.de\/#organization"},"alternateName":"Bestes Umzugsunternehmen Leipzig","potentialAction":[{"@type":"SearchAction","target":{"@type":"EntryPoint","urlTemplate":"https:\/\/bestes-umzugsunternehmen-leipzig.de\/?s={search_term_string}"},"query-input":{"@type":"PropertyValueSpecification","valueRequired":true,"valueName":"search_term_string"}}],"inLanguage":"tr"},{"@type":"Organization","@id":"https:\/\/bestes-umzugsunternehmen-leipzig.de\/#organization","name":"Pratik Ta\u015f\u0131mac\u0131l\u0131k ve Nakliye","url":"https:\/\/bestes-umzugsunternehmen-leipzig.de\/","logo":{"@type":"ImageObject","inLanguage":"tr","@id":"https:\/\/bestes-umzugsunternehmen-leipzig.de\/#\/schema\/logo\/image\/","url":"https:\/\/bestes-umzugsunternehmen-leipzig.de\/wp-content\/uploads\/2025\/10\/cropped-111111-1.png","contentUrl":"https:\/\/bestes-umzugsunternehmen-leipzig.de\/wp-content\/uploads\/2025\/10\/cropped-111111-1.png","width":1535,"height":643,"caption":"Praktik Transport und Umz\u00fcge"},"image":{"@id":"https:\/\/bestes-umzugsunternehmen-leipzig.de\/#\/schema\/logo\/image\/"}}]}},"_hostinger_reach_plugin_has_subscription_block":false,"_hostinger_reach_plugin_is_elementor":false,"uagb_featured_image_src":{"full":false,"thumbnail":false,"medium":false,"medium_large":false,"large":false,"1536x1536":false,"2048x2048":false,"trp-custom-language-flag":false},"uagb_author_info":{"display_name":"emilkemal4@gmail.com","author_link":"https:\/\/bestes-umzugsunternehmen-leipzig.de\/tr\/author\/emilkemal4gmail-com\/"},"uagb_comment_info":0,"uagb_excerpt":"Fernumz\u00fcge ab Leipzig","_links":{"self":[{"href":"https:\/\/bestes-umzugsunternehmen-leipzig.de\/tr\/wp-json\/wp\/v2\/pages\/1931","targetHints":{"allow":["GET"]}}],"collection":[{"href":"https:\/\/bestes-umzugsunternehmen-leipzig.de\/tr\/wp-json\/wp\/v2\/pages"}],"about":[{"href":"https:\/\/bestes-umzugsunternehmen-leipzig.de\/tr\/wp-json\/wp\/v2\/types\/page"}],"author":[{"embeddable":true,"href":"https:\/\/bestes-umzugsunternehmen-leipzig.de\/tr\/wp-json\/wp\/v2\/users\/1"}],"replies":[{"embeddable":true,"href":"https:\/\/bestes-umzugsunternehmen-leipzig.de\/tr\/wp-json\/wp\/v2\/comments?post=1931"}],"version-history":[{"count":24,"href":"https:\/\/bestes-umzugsunternehmen-leipzig.de\/tr\/wp-json\/wp\/v2\/pages\/1931\/revisions"}],"predecessor-version":[{"id":4278,"href":"https:\/\/bestes-umzugsunternehmen-leipzig.de\/tr\/wp-json\/wp\/v2\/pages\/1931\/revisions\/4278"}],"wp:attachment":[{"href":"https:\/\/bestes-umzugsunternehmen-leipzig.de\/tr\/wp-json\/wp\/v2\/media?parent=1931"}],"curies":[{"name":"wp","href":"https:\/\/api.w.org\/{rel}","templated":true}]}}