{"id":3877,"date":"2025-10-23T00:25:43","date_gmt":"2025-10-22T22:25:43","guid":{"rendered":"https:\/\/bestes-umzugsunternehmen-leipzig.de\/?page_id=3877"},"modified":"2025-10-23T00:25:44","modified_gmt":"2025-10-22T22:25:44","slug":"cookie-richtlinie-eu","status":"publish","type":"page","link":"https:\/\/bestes-umzugsunternehmen-leipzig.de\/tr\/ab-cerez-politikasi-2\/","title":{"rendered":"\u00c7erez Politikas\u0131 (AB)"},"content":{"rendered":"<h1 class=\"wp-block-heading\"><strong>\u00c7erez Politikas\u0131 (AB)<\/strong><\/h1>\n\n\n\n<p>Bu \u00e7erez politikas\u0131 en son \u015fu tarihte g\u00fcncellendi: <strong>01\/12\/2025<\/strong> G\u00fcncellenmi\u015f olup Avrupa Ekonomik Alan\u0131 ve \u0130svi\u00e7re&#039;de daimi ikamet eden vatanda\u015flar ve ikamet edenler i\u00e7in ge\u00e7erlidir.<\/p>\n\n\n\n<hr class=\"wp-block-separator has-alpha-channel-opacity\"\/>\n\n\n\n<h3 class=\"wp-block-heading\"><strong>1. Giri\u015f<\/strong><\/h3>\n\n\n\n<p>Web sitemiz, <a href=\"https:\/\/bestes-umzugsunternehmen-leipzig.de\/tr\/\">https:\/\/bestes-umzugsunternehmen-leipzig.de\/<\/a> (bundan b\u00f6yle: <strong>\u201e&quot;web sitesi&quot;\u201c<\/strong>), \u00e7erezler ve benzeri teknolojiler kullan\u0131r (basitle\u015ftirmek ad\u0131na, bunlar\u0131n t\u00fcm\u00fcne &quot;\u00e7erez&quot; denir). \u00c7erezler ayr\u0131ca taraf\u0131m\u0131zca g\u00f6revlendirilen \u00fc\u00e7\u00fcnc\u00fc taraflarca da yerle\u015ftirilir.<\/p>\n\n\n\n<p>Bu belge, web sitemizde \u00e7erezlerin kullan\u0131m\u0131 hakk\u0131nda sizi bilgilendirmektedir.<\/p>\n\n\n\n<hr class=\"wp-block-separator has-alpha-channel-opacity\"\/>\n\n\n\n<h3 class=\"wp-block-heading\"><strong>2. \u00c7erezler nedir?<\/strong><\/h3>\n\n\n\n<p>\u00c7erez, bir web sitesinin sayfalar\u0131yla birlikte g\u00f6nderilen ve taray\u0131c\u0131n\u0131z taraf\u0131ndan cihaz\u0131n\u0131zda saklanan k\u00fc\u00e7\u00fck bir dosyad\u0131r. \u0130\u00e7inde saklanan bilgiler, sonraki ziyaretlerinizde sunucular\u0131m\u0131za veya ilgili \u00fc\u00e7\u00fcnc\u00fc taraf sa\u011flay\u0131c\u0131lar\u0131n sunucular\u0131na geri iletilebilir.<\/p>\n\n\n\n<hr class=\"wp-block-separator has-alpha-channel-opacity\"\/>\n\n\n\n<h3 class=\"wp-block-heading\"><strong>3. Senaryolar nelerdir?<\/strong><\/h3>\n\n\n\n<p>Betik, web sitemizde i\u015flevsellik ve etkile\u015fimi etkinle\u015ftirmek i\u00e7in kullan\u0131lan bir program kodu par\u00e7as\u0131d\u0131r. Bu kod, sunucular\u0131m\u0131zda veya cihaz\u0131n\u0131zda y\u00fcr\u00fct\u00fcl\u00fcr.<\/p>\n\n\n\n<hr class=\"wp-block-separator has-alpha-channel-opacity\"\/>\n\n\n\n<h3 class=\"wp-block-heading\"><strong>4. Web i\u015faret\u00e7isi nedir?<\/strong><\/h3>\n\n\n\n<p>Web i\u015faret\u00e7isi (piksel etiketi olarak da bilinir), bir web sitesinde web sitesi trafi\u011fini analiz etmek i\u00e7in kullan\u0131lan k\u00fc\u00e7\u00fck, g\u00f6r\u00fcnmez bir metin veya resim \u00f6\u011fesidir. Web i\u015faret\u00e7ileri, hakk\u0131n\u0131zda belirli verileri toplamak i\u00e7in kullan\u0131labilir.<\/p>\n\n\n\n<hr class=\"wp-block-separator has-alpha-channel-opacity\"\/>\n\n\n\n<h3 class=\"wp-block-heading\"><strong>5. \u00c7erezler<\/strong><\/h3>\n\n\n\n<h4 class=\"wp-block-heading\"><strong>5.1 Teknik veya i\u015flevsel \u00e7erezler<\/strong><\/h4>\n\n\n\n<p>Bu \u00e7erezler, web sitesinin belirli b\u00f6l\u00fcmlerinin d\u00fczg\u00fcn \u00e7al\u0131\u015fmas\u0131n\u0131 ve kullan\u0131c\u0131 tercihlerinizin kaydedilmesini sa\u011flar.<\/p>\n\n\n\n<p>\u0130\u015flevsel \u00e7erezler web sitemizi ziyaret etmenizi kolayla\u015ft\u0131r\u0131r; \u00f6rne\u011fin tercihleriniz veya form girdileriniz kaydedilir.<\/p>\n\n\n\n<h4 class=\"wp-block-heading\"><strong>5.2 \u0130statistik \u00e7erezleri<\/strong><\/h4>\n\n\n\n<p>Bu anonim \u00e7erezler, kullan\u0131c\u0131 deneyimini s\u00fcrekli olarak iyile\u015ftirmek amac\u0131yla ziyaret\u00e7ilerin web sitemizi nas\u0131l kulland\u0131klar\u0131n\u0131 anlamam\u0131za yard\u0131mc\u0131 olur.<\/p>\n\n\n\n<h4 class=\"wp-block-heading\"><strong>5.3 Pazarlama\/\u0130zleme \u00c7erezleri<\/strong><\/h4>\n\n\n\n<p>Pazarlama \u00e7erezleri, ziyaret\u00e7ileri birden fazla web sitesinde izlemek i\u00e7in kullan\u0131l\u0131r. Ama\u00e7, ilgili reklamlar\u0131 g\u00f6r\u00fcnt\u00fclemek ve kampanyalar\u0131m\u0131z\u0131n etkinli\u011fini \u00f6l\u00e7mektir.<\/p>\n\n\n\n<h4 class=\"wp-block-heading\"><strong>5.4 Sosyal Medya<\/strong><\/h4>\n\n\n\n<p>Web sitemiz, Facebook, Instagram, LinkedIn ve WhatsApp gibi \u00fc\u00e7\u00fcnc\u00fc taraf sa\u011flay\u0131c\u0131lar\u0131n i\u00e7eriklerini entegre etmektedir. Bu hizmetler, etkile\u015fimleri (\u00f6rne\u011fin, be\u011feniler veya payla\u015f\u0131mlar) etkinle\u015ftirmek i\u00e7in kendi \u00e7erezlerini ayarlayabilir.<\/p>\n\n\n\n<p>L\u00fctfen bu platformlar\u0131n ki\u015fisel verileri nas\u0131l i\u015fledikleri hakk\u0131nda daha fazla bilgi edinmek i\u00e7in ilgili gizlilik politikalar\u0131n\u0131 okuyun.<\/p>\n\n\n\n<hr class=\"wp-block-separator has-alpha-channel-opacity\"\/>\n\n\n\n<h3 class=\"wp-block-heading\"><strong>6. Yerle\u015ftirilen \u00e7erezler<\/strong><\/h3>\n\n\n\n<h4 class=\"wp-block-heading\"><strong>Elementor (istatistikler \u2013 anonim)<\/strong><\/h4>\n\n\n\n<p>Kullan\u0131m: Web sitesi i\u00e7eri\u011finin olu\u015fturulmas\u0131 ve y\u00f6netimi<\/p>\n\n\n\n<p>Depolama: Web sitesindeki kullan\u0131c\u0131 eylemleri<\/p>\n\n\n\n<p>Veri payla\u015f\u0131m\u0131: Yok<\/p>\n\n\n\n<h4 class=\"wp-block-heading\"><strong>WordPress (\u0130\u015flevsel)<\/strong><\/h4>\n\n\n\n<p>Kullan\u0131m durumu: Temel web sitesi i\u015flevleri ve kullan\u0131c\u0131 tercihleri<\/p>\n\n\n\n<p>Veri payla\u015f\u0131m\u0131: Yok<\/p>\n\n\n\n<h4 class=\"wp-block-heading\"><strong>Complianz (\u00e7erez onay sistemi)<\/strong><\/h4>\n\n\n\n<p>Kullan\u0131m: \u00c7erez onaylar\u0131n\u0131 y\u00f6netme<\/p>\n\n\n\n<p>Veri payla\u015f\u0131m\u0131: Yok<\/p>\n\n\n\n<hr class=\"wp-block-separator has-alpha-channel-opacity\"\/>\n\n\n\n<h3 class=\"wp-block-heading\"><strong>7. Onay<\/strong><\/h3>\n\n\n\n<p>Web sitemizi ilk kez ziyaret etti\u011finizde, \u00e7erezler hakk\u0131nda a\u00e7\u0131klama i\u00e7eren bir a\u00e7\u0131l\u0131r pencere g\u00f6receksiniz.<\/p>\n\n\n\n<p>En k\u0131sa s\u00fcrede sen <strong>\u201e&quot;Ayarlar\u0131 kaydet&quot;\u201c<\/strong> T\u0131klad\u0131\u011f\u0131n\u0131zda se\u00e7ili \u00e7erez kategorilerinin kullan\u0131m\u0131n\u0131 kabul etmi\u015f olursunuz.<\/p>\n\n\n\n<p>\u00c7erezleri istedi\u011finiz zaman taray\u0131c\u0131n\u0131z\u0131n ayarlar\u0131ndan devre d\u0131\u015f\u0131 b\u0131rakabilirsiniz; ancak bu durumda web sitesi d\u00fczg\u00fcn \u00e7al\u0131\u015fmayabilir.<\/p>\n\n\n\n<hr class=\"wp-block-separator has-alpha-channel-opacity\"\/>\n\n\n\n<h3 class=\"wp-block-heading\"><strong>8. \u00c7erezlerin etkinle\u015ftirilmesi\/devre d\u0131\u015f\u0131 b\u0131rak\u0131lmas\u0131 ve silinmesi<\/strong><\/h3>\n\n\n\n<p>\u00c7erezleri manuel veya otomatik olarak silmek i\u00e7in internet taray\u0131c\u0131n\u0131z\u0131 kullanabilirsiniz.<\/p>\n\n\n\n<p>Ayr\u0131ca belirli \u00e7erezlerin ayarlanmamas\u0131n\u0131 da belirtebilirsiniz.<\/p>\n\n\n\n<p>Daha fazla bilgiye taray\u0131c\u0131n\u0131z\u0131n yard\u0131m b\u00f6l\u00fcm\u00fcnden ula\u015fabilirsiniz.<\/p>\n\n\n\n<p>\u00c7erezleri tamamen devre d\u0131\u015f\u0131 b\u0131rakman\u0131z durumunda web sitemizin d\u00fczg\u00fcn \u00e7al\u0131\u015fmayabilece\u011fini l\u00fctfen unutmay\u0131n.<\/p>\n\n\n\n<hr class=\"wp-block-separator has-alpha-channel-opacity\"\/>\n\n\n\n<h3 class=\"wp-block-heading\"><strong>9. Ki\u015fisel verilerinizle ilgili haklar\u0131n\u0131z<\/strong><\/h3>\n\n\n\n<p>Ki\u015fisel verilerinizle ilgili olarak a\u015fa\u011f\u0131daki haklara sahipsiniz:<\/p>\n\n\n\n<ul class=\"wp-block-list\">\n<li>Bilgi edinme hakk\u0131 \u2013 Verilerinizin neden gerekli oldu\u011funu ve nas\u0131l kullan\u0131ld\u0131\u011f\u0131n\u0131 \u00f6\u011frenme hakk\u0131.<\/li>\n\n\n\n<li>D\u00fczeltme veya silme hakk\u0131<\/li>\n\n\n\n<li>\u0130stedi\u011finiz zaman onay\u0131n\u0131z\u0131 geri \u00e7ekme hakk\u0131n\u0131z<\/li>\n\n\n\n<li>Veri ta\u015f\u0131nabilirli\u011fi hakk\u0131<\/li>\n\n\n\n<li>\u0130\u015fleme itiraz etme hakk\u0131<\/li>\n<\/ul>\n\n\n\n<p>Bu haklar\u0131n\u0131z\u0131 kullanmak isterseniz l\u00fctfen a\u015fa\u011f\u0131da belirtilen ileti\u015fim bilgilerimizden bize ula\u015f\u0131n.<\/p>\n\n\n\n<hr class=\"wp-block-separator has-alpha-channel-opacity\"\/>\n\n\n\n<h3 class=\"wp-block-heading\"><strong>10. \u0130leti\u015fim bilgileri<\/strong><\/h3>\n\n\n\n<p>\u00c7erez politikam\u0131zla ilgili soru ve\/veya yorumlar\u0131n\u0131z i\u00e7in l\u00fctfen bizimle \u015fu adresten ileti\u015fime ge\u00e7in:<\/p>\n\n\n\n<p><strong>Pratik Ta\u015f\u0131mac\u0131l\u0131k ve Nakliye<\/strong><\/p>\n\n\n\n<p>Stromstr 21 10551 Berlin<\/p>\n\n\n\n<p>\ud83d\udce7 E-posta: praktiktransport@gmail.com<\/p>\n\n\n\n<p>\ud83d\udcde Telefon: +49 1625978461<\/p>\n\n\n\n<p>\ud83c\udf10 Web Sitesi: <a href=\"https:\/\/besteumzugunternehme.de\/\">https:\/\/besteumzugunternehme.de\/<\/a><\/p>\n\n\n\n<p>Bu \u00e7erez politikas\u0131 en son \u015fu tarihte g\u00fcncellendi: <strong>18\/10\/2025<\/strong> ile <strong>cookiedatabase.org<\/strong> senkronize edildi.<\/p>\n\n\n\n<p><\/p>","protected":false},"excerpt":{"rendered":"<p>Cookie-Richtlinie (EU) Diese Cookie-Richtlinie wurde zuletzt am 01\/12\/2025 aktualisiert und gilt f\u00fcr B\u00fcrger und Einwohner mit st\u00e4ndigem Wohnsitz im Europ\u00e4ischen Wirtschaftsraum und der Schweiz. 1. Einf\u00fchrung Unsere Website, https:\/\/bestes-umzugsunternehmen-leipzig.de\/ (im Folgenden: \u201edie Website\u201c), verwendet Cookies und \u00e4hnliche Technologien (der Einfachheit halber werden all diese unter \u201eCookies\u201c zusammengefasst). Cookies werden au\u00dferdem von uns beauftragten Drittparteien platziert. [&hellip;]<\/p>\n","protected":false},"author":1,"featured_media":0,"parent":0,"menu_order":0,"comment_status":"closed","ping_status":"closed","template":"","meta":{"_uag_custom_page_level_css":"","site-sidebar-layout":"default","site-content-layout":"","ast-site-content-layout":"default","site-content-style":"default","site-sidebar-style":"default","ast-global-header-display":"","ast-banner-title-visibility":"","ast-main-header-display":"","ast-hfb-above-header-display":"","ast-hfb-below-header-display":"","ast-hfb-mobile-header-display":"","site-post-title":"disabled","ast-breadcrumbs-content":"","ast-featured-img":"","footer-sml-layout":"","ast-disable-related-posts":"","theme-transparent-header-meta":"","adv-header-id-meta":"","stick-header-meta":"","header-above-stick-meta":"","header-main-stick-meta":"","header-below-stick-meta":"","astra-migrate-meta-layouts":"set","ast-page-background-enabled":"default","ast-page-background-meta":{"desktop":{"background-color":"var(--ast-global-color-4)","background-image":"","background-repeat":"repeat","background-position":"center center","background-size":"auto","background-attachment":"scroll","background-type":"","background-media":"","overlay-type":"","overlay-color":"","overlay-opacity":"","overlay-gradient":""},"tablet":{"background-color":"","background-image":"","background-repeat":"repeat","background-position":"center center","background-size":"auto","background-attachment":"scroll","background-type":"","background-media":"","overlay-type":"","overlay-color":"","overlay-opacity":"","overlay-gradient":""},"mobile":{"background-color":"","background-image":"","background-repeat":"repeat","background-position":"center center","background-size":"auto","background-attachment":"scroll","background-type":"","background-media":"","overlay-type":"","overlay-color":"","overlay-opacity":"","overlay-gradient":""}},"ast-content-background-meta":{"desktop":{"background-color":"var(--ast-global-color-5)","background-image":"","background-repeat":"repeat","background-position":"center center","background-size":"auto","background-attachment":"scroll","background-type":"","background-media":"","overlay-type":"","overlay-color":"","overlay-opacity":"","overlay-gradient":""},"tablet":{"background-color":"var(--ast-global-color-5)","background-image":"","background-repeat":"repeat","background-position":"center center","background-size":"auto","background-attachment":"scroll","background-type":"","background-media":"","overlay-type":"","overlay-color":"","overlay-opacity":"","overlay-gradient":""},"mobile":{"background-color":"var(--ast-global-color-5)","background-image":"","background-repeat":"repeat","background-position":"center center","background-size":"auto","background-attachment":"scroll","background-type":"","background-media":"","overlay-type":"","overlay-color":"","overlay-opacity":"","overlay-gradient":""}},"footnotes":""},"class_list":["post-3877","page","type-page","status-publish","hentry"],"yoast_head":"<!-- This site is optimized with the Yoast SEO plugin v26.9 - https:\/\/yoast.com\/product\/yoast-seo-wordpress\/ -->\n<title>Cookie-Richtlinie (EU) - Bestes Umzugsunternehmen Leipzig<\/title>\n<meta name=\"robots\" content=\"index, follow, max-snippet:-1, max-image-preview:large, max-video-preview:-1\" \/>\n<link rel=\"canonical\" href=\"https:\/\/bestes-umzugsunternehmen-leipzig.de\/tr\/ab-cerez-politikasi-2\/\" \/>\n<meta property=\"og:locale\" content=\"tr_TR\" \/>\n<meta property=\"og:type\" content=\"article\" \/>\n<meta property=\"og:title\" content=\"Cookie-Richtlinie (EU) - Bestes Umzugsunternehmen Leipzig\" \/>\n<meta property=\"og:description\" content=\"Cookie-Richtlinie (EU) Diese Cookie-Richtlinie wurde zuletzt am 01\/12\/2025 aktualisiert und gilt f\u00fcr B\u00fcrger und Einwohner mit st\u00e4ndigem Wohnsitz im Europ\u00e4ischen Wirtschaftsraum und der Schweiz. 1. Einf\u00fchrung Unsere Website, https:\/\/bestes-umzugsunternehmen-leipzig.de\/ (im Folgenden: \u201edie Website\u201c), verwendet Cookies und \u00e4hnliche Technologien (der Einfachheit halber werden all diese unter \u201eCookies\u201c zusammengefasst). Cookies werden au\u00dferdem von uns beauftragten Drittparteien platziert. [&hellip;]\" \/>\n<meta property=\"og:url\" content=\"https:\/\/bestes-umzugsunternehmen-leipzig.de\/tr\/ab-cerez-politikasi-2\/\" \/>\n<meta property=\"og:site_name\" content=\"Bestes Umzugsunternehmen Leipzig\" \/>\n<meta property=\"article:modified_time\" content=\"2025-10-22T22:25:44+00:00\" \/>\n<meta name=\"twitter:card\" content=\"summary_large_image\" \/>\n<meta name=\"twitter:label1\" content=\"Tahmini okuma s\u00fcresi\" \/>\n\t<meta name=\"twitter:data1\" content=\"4 dakika\" \/>\n<script type=\"application\/ld+json\" class=\"yoast-schema-graph\">{\"@context\":\"https:\/\/schema.org\",\"@graph\":[{\"@type\":\"WebPage\",\"@id\":\"https:\/\/bestes-umzugsunternehmen-leipzig.de\/cookie-richtlinie-eu\/\",\"url\":\"https:\/\/bestes-umzugsunternehmen-leipzig.de\/cookie-richtlinie-eu\/\",\"name\":\"Cookie-Richtlinie (EU) - Bestes Umzugsunternehmen Leipzig\",\"isPartOf\":{\"@id\":\"https:\/\/bestes-umzugsunternehmen-leipzig.de\/#website\"},\"datePublished\":\"2025-10-22T22:25:43+00:00\",\"dateModified\":\"2025-10-22T22:25:44+00:00\",\"breadcrumb\":{\"@id\":\"https:\/\/bestes-umzugsunternehmen-leipzig.de\/cookie-richtlinie-eu\/#breadcrumb\"},\"inLanguage\":\"tr\",\"potentialAction\":[{\"@type\":\"ReadAction\",\"target\":[\"https:\/\/bestes-umzugsunternehmen-leipzig.de\/cookie-richtlinie-eu\/\"]}]},{\"@type\":\"BreadcrumbList\",\"@id\":\"https:\/\/bestes-umzugsunternehmen-leipzig.de\/cookie-richtlinie-eu\/#breadcrumb\",\"itemListElement\":[{\"@type\":\"ListItem\",\"position\":1,\"name\":\"Startseite\",\"item\":\"https:\/\/bestes-umzugsunternehmen-leipzig.de\/\"},{\"@type\":\"ListItem\",\"position\":2,\"name\":\"Cookie-Richtlinie (EU)\"}]},{\"@type\":\"WebSite\",\"@id\":\"https:\/\/bestes-umzugsunternehmen-leipzig.de\/#website\",\"url\":\"https:\/\/bestes-umzugsunternehmen-leipzig.de\/\",\"name\":\"Bestes Umzugsunternehmen Leipzig\",\"description\":\"Bestes Umzugsunternehmen Leipzig - Praktik Transport und Umz\u00fcge\",\"publisher\":{\"@id\":\"https:\/\/bestes-umzugsunternehmen-leipzig.de\/#organization\"},\"alternateName\":\"Bestes Umzugsunternehmen Leipzig\",\"potentialAction\":[{\"@type\":\"SearchAction\",\"target\":{\"@type\":\"EntryPoint\",\"urlTemplate\":\"https:\/\/bestes-umzugsunternehmen-leipzig.de\/?s={search_term_string}\"},\"query-input\":{\"@type\":\"PropertyValueSpecification\",\"valueRequired\":true,\"valueName\":\"search_term_string\"}}],\"inLanguage\":\"tr\"},{\"@type\":\"Organization\",\"@id\":\"https:\/\/bestes-umzugsunternehmen-leipzig.de\/#organization\",\"name\":\"Praktik Transport und Umz\u00fcge\",\"url\":\"https:\/\/bestes-umzugsunternehmen-leipzig.de\/\",\"logo\":{\"@type\":\"ImageObject\",\"inLanguage\":\"tr\",\"@id\":\"https:\/\/bestes-umzugsunternehmen-leipzig.de\/#\/schema\/logo\/image\/\",\"url\":\"https:\/\/bestes-umzugsunternehmen-leipzig.de\/wp-content\/uploads\/2025\/10\/cropped-111111-1.png\",\"contentUrl\":\"https:\/\/bestes-umzugsunternehmen-leipzig.de\/wp-content\/uploads\/2025\/10\/cropped-111111-1.png\",\"width\":1535,\"height\":643,\"caption\":\"Praktik Transport und Umz\u00fcge\"},\"image\":{\"@id\":\"https:\/\/bestes-umzugsunternehmen-leipzig.de\/#\/schema\/logo\/image\/\"}}]}<\/script>\n<!-- \/ Yoast SEO plugin. -->","yoast_head_json":{"title":"\u00c7erez Politikas\u0131 (AB) - Leipzig&#039;deki En \u0130yi Ta\u015f\u0131mac\u0131l\u0131k \u015eirketi","robots":{"index":"index","follow":"follow","max-snippet":"max-snippet:-1","max-image-preview":"max-image-preview:large","max-video-preview":"max-video-preview:-1"},"canonical":"https:\/\/bestes-umzugsunternehmen-leipzig.de\/tr\/ab-cerez-politikasi-2\/","og_locale":"tr_TR","og_type":"article","og_title":"Cookie-Richtlinie (EU) - Bestes Umzugsunternehmen Leipzig","og_description":"Cookie-Richtlinie (EU) Diese Cookie-Richtlinie wurde zuletzt am 01\/12\/2025 aktualisiert und gilt f\u00fcr B\u00fcrger und Einwohner mit st\u00e4ndigem Wohnsitz im Europ\u00e4ischen Wirtschaftsraum und der Schweiz. 1. Einf\u00fchrung Unsere Website, https:\/\/bestes-umzugsunternehmen-leipzig.de\/ (im Folgenden: \u201edie Website\u201c), verwendet Cookies und \u00e4hnliche Technologien (der Einfachheit halber werden all diese unter \u201eCookies\u201c zusammengefasst). Cookies werden au\u00dferdem von uns beauftragten Drittparteien platziert. [&hellip;]","og_url":"https:\/\/bestes-umzugsunternehmen-leipzig.de\/tr\/ab-cerez-politikasi-2\/","og_site_name":"Bestes Umzugsunternehmen Leipzig","article_modified_time":"2025-10-22T22:25:44+00:00","twitter_card":"summary_large_image","twitter_misc":{"Tahmini okuma s\u00fcresi":"4 dakika"},"schema":{"@context":"https:\/\/schema.org","@graph":[{"@type":"WebPage","@id":"https:\/\/bestes-umzugsunternehmen-leipzig.de\/cookie-richtlinie-eu\/","url":"https:\/\/bestes-umzugsunternehmen-leipzig.de\/cookie-richtlinie-eu\/","name":"\u00c7erez Politikas\u0131 (AB) - Leipzig&#039;deki En \u0130yi Ta\u015f\u0131mac\u0131l\u0131k \u015eirketi","isPartOf":{"@id":"https:\/\/bestes-umzugsunternehmen-leipzig.de\/#website"},"datePublished":"2025-10-22T22:25:43+00:00","dateModified":"2025-10-22T22:25:44+00:00","breadcrumb":{"@id":"https:\/\/bestes-umzugsunternehmen-leipzig.de\/cookie-richtlinie-eu\/#breadcrumb"},"inLanguage":"tr","potentialAction":[{"@type":"ReadAction","target":["https:\/\/bestes-umzugsunternehmen-leipzig.de\/cookie-richtlinie-eu\/"]}]},{"@type":"BreadcrumbList","@id":"https:\/\/bestes-umzugsunternehmen-leipzig.de\/cookie-richtlinie-eu\/#breadcrumb","itemListElement":[{"@type":"ListItem","position":1,"name":"Startseite","item":"https:\/\/bestes-umzugsunternehmen-leipzig.de\/"},{"@type":"ListItem","position":2,"name":"Cookie-Richtlinie (EU)"}]},{"@type":"WebSite","@id":"https:\/\/bestes-umzugsunternehmen-leipzig.de\/#website","url":"https:\/\/bestes-umzugsunternehmen-leipzig.de\/","name":"Leipzig&#039;taki en iyi nakliye \u015firketi","description":"Bestes Umzugsunternehmen Leipzig - Praktik Transport und Umz\u00fcge","publisher":{"@id":"https:\/\/bestes-umzugsunternehmen-leipzig.de\/#organization"},"alternateName":"Bestes Umzugsunternehmen Leipzig","potentialAction":[{"@type":"SearchAction","target":{"@type":"EntryPoint","urlTemplate":"https:\/\/bestes-umzugsunternehmen-leipzig.de\/?s={search_term_string}"},"query-input":{"@type":"PropertyValueSpecification","valueRequired":true,"valueName":"search_term_string"}}],"inLanguage":"tr"},{"@type":"Organization","@id":"https:\/\/bestes-umzugsunternehmen-leipzig.de\/#organization","name":"Pratik Ta\u015f\u0131mac\u0131l\u0131k ve Nakliye","url":"https:\/\/bestes-umzugsunternehmen-leipzig.de\/","logo":{"@type":"ImageObject","inLanguage":"tr","@id":"https:\/\/bestes-umzugsunternehmen-leipzig.de\/#\/schema\/logo\/image\/","url":"https:\/\/bestes-umzugsunternehmen-leipzig.de\/wp-content\/uploads\/2025\/10\/cropped-111111-1.png","contentUrl":"https:\/\/bestes-umzugsunternehmen-leipzig.de\/wp-content\/uploads\/2025\/10\/cropped-111111-1.png","width":1535,"height":643,"caption":"Praktik Transport und Umz\u00fcge"},"image":{"@id":"https:\/\/bestes-umzugsunternehmen-leipzig.de\/#\/schema\/logo\/image\/"}}]}},"_hostinger_reach_plugin_has_subscription_block":false,"_hostinger_reach_plugin_is_elementor":false,"uagb_featured_image_src":{"full":false,"thumbnail":false,"medium":false,"medium_large":false,"large":false,"1536x1536":false,"2048x2048":false,"trp-custom-language-flag":false},"uagb_author_info":{"display_name":"emilkemal4@gmail.com","author_link":"https:\/\/bestes-umzugsunternehmen-leipzig.de\/tr\/author\/emilkemal4gmail-com\/"},"uagb_comment_info":0,"uagb_excerpt":"Cookie-Richtlinie (EU) Diese Cookie-Richtlinie wurde zuletzt am 01\/12\/2025 aktualisiert und gilt f\u00fcr B\u00fcrger und Einwohner mit st\u00e4ndigem Wohnsitz im Europ\u00e4ischen Wirtschaftsraum und der Schweiz. 1. Einf\u00fchrung Unsere Website, https:\/\/bestes-umzugsunternehmen-leipzig.de\/ (im Folgenden: \u201edie Website\u201c), verwendet Cookies und \u00e4hnliche Technologien (der Einfachheit halber werden all diese unter \u201eCookies\u201c zusammengefasst). Cookies werden au\u00dferdem von uns beauftragten Drittparteien platziert.&hellip;","_links":{"self":[{"href":"https:\/\/bestes-umzugsunternehmen-leipzig.de\/tr\/wp-json\/wp\/v2\/pages\/3877","targetHints":{"allow":["GET"]}}],"collection":[{"href":"https:\/\/bestes-umzugsunternehmen-leipzig.de\/tr\/wp-json\/wp\/v2\/pages"}],"about":[{"href":"https:\/\/bestes-umzugsunternehmen-leipzig.de\/tr\/wp-json\/wp\/v2\/types\/page"}],"author":[{"embeddable":true,"href":"https:\/\/bestes-umzugsunternehmen-leipzig.de\/tr\/wp-json\/wp\/v2\/users\/1"}],"replies":[{"embeddable":true,"href":"https:\/\/bestes-umzugsunternehmen-leipzig.de\/tr\/wp-json\/wp\/v2\/comments?post=3877"}],"version-history":[{"count":1,"href":"https:\/\/bestes-umzugsunternehmen-leipzig.de\/tr\/wp-json\/wp\/v2\/pages\/3877\/revisions"}],"predecessor-version":[{"id":3878,"href":"https:\/\/bestes-umzugsunternehmen-leipzig.de\/tr\/wp-json\/wp\/v2\/pages\/3877\/revisions\/3878"}],"wp:attachment":[{"href":"https:\/\/bestes-umzugsunternehmen-leipzig.de\/tr\/wp-json\/wp\/v2\/media?parent=3877"}],"curies":[{"name":"wp","href":"https:\/\/api.w.org\/{rel}","templated":true}]}}