{"id":3884,"date":"2025-10-23T00:31:43","date_gmt":"2025-10-22T22:31:43","guid":{"rendered":"https:\/\/bestes-umzugsunternehmen-leipzig.de\/?page_id=3884"},"modified":"2025-10-24T15:04:10","modified_gmt":"2025-10-24T13:04:10","slug":"impressum","status":"publish","type":"page","link":"https:\/\/bestes-umzugsunternehmen-leipzig.de\/tr\/baski-2\/","title":{"rendered":"bask\u0131"},"content":{"rendered":"<h1 class=\"wp-block-heading\"><strong>bask\u0131<\/strong><\/h1>\n\n\n\n<p><strong>Pratik Ta\u015f\u0131mac\u0131l\u0131k ve Nakliye<\/strong><\/p>\n\n\n\n<p>Stromstr 21 10551 Berlin<\/p>\n\n\n\n<p><strong>Mal sahibi:<\/strong><\/p>\n\n\n\n<p>Yeliz Kurto\u011flu<\/p>\n\n\n\n<p><strong>Telefon:<\/strong> +49 1625978461<\/p>\n\n\n\n<p><strong>E-posta:<\/strong> praktiktransport@gmail.com<\/p>\n\n\n\n<p><strong>Web sitesi:<\/strong> <a href=\"https:\/\/bestes-umzugsunternehmen-leipzig.de\/tr\/\">https:\/\/bestes-umzugsunternehmen-leipzig.de\/<\/a><\/p>\n\n\n\n<hr class=\"wp-block-separator has-alpha-channel-opacity\"\/>\n\n\n\n<h2 class=\"wp-block-heading\"><strong>Sorumluluk Reddi<\/strong><\/h2>\n\n\n\n<h3 class=\"wp-block-heading\"><strong>\u0130\u00e7erik sorumlulu\u011fu<\/strong><\/h3>\n\n\n\n<p>Sayfalar\u0131m\u0131z\u0131n i\u00e7eri\u011fi azami \u00f6zenle olu\u015fturulmu\u015ftur. Ancak, i\u00e7eri\u011fin do\u011frulu\u011funu, eksiksizli\u011fini veya g\u00fcncelli\u011fini garanti edemeyiz.<\/p>\n\n\n\n<p>Bir hizmet sa\u011flay\u0131c\u0131 olarak, Alman Telemedya Yasas\u0131&#039;n\u0131n (TMG) 7. B\u00f6l\u00fcm 1. Paragraf\u0131 uyar\u0131nca bu sayfalardaki kendi i\u00e7eri\u011fimizden sorumluyuz.<\/p>\n\n\n\n<p>Ancak, Alman Telemedya Yasas\u0131&#039;n\u0131n (TMG) 8 ila 10. Maddeleri uyar\u0131nca, hizmet sa\u011flay\u0131c\u0131lar olarak iletilen veya saklanan \u00fc\u00e7\u00fcnc\u00fc taraf bilgilerini izlemek veya yasa d\u0131\u015f\u0131 faaliyete i\u015faret eden durumlar\u0131 ara\u015ft\u0131rmakla y\u00fck\u00fcml\u00fc de\u011filiz.<\/p>\n\n\n\n<p>Genel hukuk kapsam\u0131ndaki bilgilerin kald\u0131r\u0131lmas\u0131 veya kullan\u0131m\u0131n\u0131n engellenmesi y\u00fck\u00fcml\u00fcl\u00fckleri sakl\u0131d\u0131r. Ancak, bu konudaki sorumluluk ancak belirli bir hukuk ihlalinin \u00f6\u011frenildi\u011fi andan itibaren m\u00fcmk\u00fcnd\u00fcr.<\/p>\n\n\n\n<p>Bu t\u00fcr yasal ihlallerden haberdar olmam\u0131z halinde, s\u00f6z konusu i\u00e7eri\u011fi derhal kald\u0131raca\u011f\u0131z.<\/p>\n\n\n\n<hr class=\"wp-block-separator has-alpha-channel-opacity\"\/>\n\n\n\n<h3 class=\"wp-block-heading\"><strong>Ba\u011flant\u0131lar\u0131n sorumlulu\u011fu<\/strong><\/h3>\n\n\n\n<p>Web sitemizde, i\u00e7erikleri \u00fczerinde hi\u00e7bir etkimizin olmad\u0131\u011f\u0131 \u00fc\u00e7\u00fcnc\u00fc \u015fah\u0131slara ait harici web sitelerine ba\u011flant\u0131lar bulunmaktad\u0131r.<\/p>\n\n\n\n<p>Bu nedenle bu harici i\u00e7erikle ilgili herhangi bir sorumluluk kabul edemeyiz.<\/p>\n\n\n\n<p>Ba\u011flant\u0131l\u0131 sayfalar\u0131n i\u00e7eriklerinden her zaman ilgili sa\u011flay\u0131c\u0131 veya i\u015fletmeci sorumludur.<\/p>\n\n\n\n<p>Ba\u011flant\u0131 verilen sayfalar, ba\u011flant\u0131lar\u0131n olu\u015fturuldu\u011fu s\u0131rada olas\u0131 hukuka ayk\u0131r\u0131l\u0131klar a\u00e7\u0131s\u0131ndan kontrol edilmi\u015f olup, o s\u0131rada herhangi bir hukuka ayk\u0131r\u0131 i\u00e7erik g\u00f6r\u00fclmemi\u015ftir.<\/p>\n\n\n\n<p>Ancak, hukuki bir ihlalin somut bir kan\u0131t\u0131 olmadan, ba\u011flant\u0131l\u0131 sayfalar\u0131n i\u00e7eri\u011finin s\u00fcrekli olarak izlenmesi makul de\u011fildir.<\/p>\n\n\n\n<p>Yasal ihlallerin bildirilmesi halinde, bu t\u00fcr ba\u011flant\u0131lar\u0131 derhal kald\u0131raca\u011f\u0131z.<\/p>\n\n\n\n<hr class=\"wp-block-separator has-alpha-channel-opacity\"\/>\n\n\n\n<h2 class=\"wp-block-heading\"><strong>Veri korumas\u0131<\/strong><\/h2>\n\n\n\n<p>Web sitemizin kullan\u0131m\u0131 genel olarak ki\u015fisel verilerin sa\u011flanmas\u0131na gerek kalmadan m\u00fcmk\u00fcnd\u00fcr.<\/p>\n\n\n\n<p>Ki\u015fisel veriler (\u00f6rne\u011fin isim, adres veya e-posta adresleri) web sitemizde topland\u0131\u011f\u0131nda, bu her zaman g\u00f6n\u00fcll\u00fcl\u00fck esas\u0131na g\u00f6re yap\u0131l\u0131r.<\/p>\n\n\n\n<p>Bu veriler a\u00e7\u0131k r\u0131zan\u0131z olmadan \u00fc\u00e7\u00fcnc\u00fc ki\u015filerle payla\u015f\u0131lmayacakt\u0131r.<\/p>\n\n\n\n<p>\u0130nternet \u00fczerinden veri iletiminin (\u00f6rne\u011fin e-posta yoluyla ileti\u015fim kurarken) g\u00fcvenlik a\u00e7\u0131klar\u0131 i\u00e7erebilece\u011fini l\u00fctfen unutmay\u0131n.<\/p>\n\n\n\n<p>Verilerin \u00fc\u00e7\u00fcnc\u00fc ki\u015filerin eri\u015fimine kar\u015f\u0131 tam olarak korunmas\u0131 m\u00fcmk\u00fcn de\u011fildir.<\/p>\n\n\n\n<p>Yasal uyar\u0131 kapsam\u0131nda yay\u0131nlanan ileti\u015fim bilgilerinin \u00fc\u00e7\u00fcnc\u00fc ki\u015filer taraf\u0131ndan istenmeyen reklam ve bilgilendirme materyalleri g\u00f6ndermek amac\u0131yla kullan\u0131lmas\u0131 kesinlikle yasakt\u0131r.<\/p>\n\n\n\n<p>Bu sayfalar\u0131n i\u015fletmecileri, istenmeyen reklamlar\u0131n (spam e-postalar\u0131 gibi) g\u00f6nderilmesi durumunda yasal i\u015flem ba\u015flatma hakk\u0131n\u0131 a\u00e7\u0131k\u00e7a sakl\u0131 tutar.<\/p>\n\n\n\n<hr class=\"wp-block-separator has-alpha-channel-opacity\"\/>\n\n\n\n<h2 class=\"wp-block-heading\"><strong>Google Analytics<\/strong><\/h2>\n\n\n\n<p>Bu web sitesi \u015funu kullan\u0131r: <strong>Google Analytics<\/strong>, Google Inc. (\u201eGoogle\u201c) taraf\u0131ndan sa\u011flanan bir web analiz hizmetidir.<\/p>\n\n\n\n<p>Google Analytics, bilgisayar\u0131n\u0131za kaydedilen ve web sitesinin kullan\u0131m\u0131n\u0131n analiz edilmesini sa\u011flayan metin dosyalar\u0131 olan &quot;\u00e7erezleri&quot; kullan\u0131r.<\/p>\n\n\n\n<p>\u00c7erez taraf\u0131ndan bu web sitesini kullan\u0131m\u0131n\u0131za ili\u015fkin olu\u015fturulan bilgiler (IP adresiniz dahil) ABD&#039;deki bir Google sunucusuna iletilecek ve orada saklanacakt\u0131r.<\/p>\n\n\n\n<p>Google bu bilgileri web sitesini kullan\u0131m\u0131n\u0131z\u0131 de\u011ferlendirmek, web sitesi operat\u00f6rleri i\u00e7in web sitesi etkinli\u011fine ili\u015fkin raporlar derlemek ve web sitesi etkinli\u011fi ve internet kullan\u0131m\u0131yla ilgili di\u011fer hizmetleri sa\u011flamak amac\u0131yla kullanacakt\u0131r.<\/p>\n\n\n\n<p>Google ayr\u0131ca, kanunen zorunlu olmas\u0131 veya \u00fc\u00e7\u00fcnc\u00fc taraflar\u0131n bu verileri Google ad\u0131na i\u015flemesi durumunda bu bilgileri \u00fc\u00e7\u00fcnc\u00fc taraflara aktarabilir.<\/p>\n\n\n\n<p>Google hi\u00e7bir ko\u015fulda IP adresinizi di\u011fer Google verileriyle ili\u015fkilendirmeyecektir.<\/p>\n\n\n\n<p>Taray\u0131c\u0131n\u0131z\u0131n yaz\u0131l\u0131m ayarlar\u0131n\u0131 buna g\u00f6re d\u00fczenleyerek \u00e7erezlerin kurulumunu engelleyebilirsiniz;<\/p>\n\n\n\n<p>Ancak bu durumda bu web sitesinin t\u00fcm i\u015flevlerinden tam olarak yararlanamayabilece\u011finizi l\u00fctfen unutmay\u0131n.<\/p>\n\n\n\n<p>Bu web sitesini kullanarak, Google&#039;\u0131n sizinle ilgili verileri a\u00e7\u0131klanan \u015fekilde ve ama\u00e7lar do\u011frultusunda i\u015flemesine izin vermi\u015f olursunuz.<\/p>\n\n\n\n<hr class=\"wp-block-separator has-alpha-channel-opacity\"\/>\n\n\n\n<p><\/p>","protected":false},"excerpt":{"rendered":"<p>Impressum Praktik Transport und Umz\u00fcge Stromstr 21 10551 Berlin Inhaber: Yeliz Kurtoglu Telefon: +49 1625978461 E-Mail: praktiktransport@gmail.com Website: https:\/\/bestes-umzugsunternehmen-leipzig.de\/ Haftungsausschluss (Disclaimer) Haftung f\u00fcr Inhalte Die Inhalte unserer Seiten wurden mit gr\u00f6\u00dfter Sorgfalt erstellt. F\u00fcr die Richtigkeit, Vollst\u00e4ndigkeit und Aktualit\u00e4t der Inhalte k\u00f6nnen wir jedoch keine Gew\u00e4hr \u00fcbernehmen. Als Diensteanbieter sind wir gem\u00e4\u00df \u00a7 7 Abs.1 [&hellip;]<\/p>\n","protected":false},"author":1,"featured_media":0,"parent":0,"menu_order":0,"comment_status":"closed","ping_status":"closed","template":"","meta":{"_uag_custom_page_level_css":"","site-sidebar-layout":"default","site-content-layout":"","ast-site-content-layout":"default","site-content-style":"default","site-sidebar-style":"default","ast-global-header-display":"","ast-banner-title-visibility":"","ast-main-header-display":"","ast-hfb-above-header-display":"","ast-hfb-below-header-display":"","ast-hfb-mobile-header-display":"","site-post-title":"disabled","ast-breadcrumbs-content":"","ast-featured-img":"","footer-sml-layout":"","ast-disable-related-posts":"","theme-transparent-header-meta":"","adv-header-id-meta":"","stick-header-meta":"","header-above-stick-meta":"","header-main-stick-meta":"","header-below-stick-meta":"","astra-migrate-meta-layouts":"set","ast-page-background-enabled":"default","ast-page-background-meta":{"desktop":{"background-color":"var(--ast-global-color-4)","background-image":"","background-repeat":"repeat","background-position":"center center","background-size":"auto","background-attachment":"scroll","background-type":"","background-media":"","overlay-type":"","overlay-color":"","overlay-opacity":"","overlay-gradient":""},"tablet":{"background-color":"","background-image":"","background-repeat":"repeat","background-position":"center center","background-size":"auto","background-attachment":"scroll","background-type":"","background-media":"","overlay-type":"","overlay-color":"","overlay-opacity":"","overlay-gradient":""},"mobile":{"background-color":"","background-image":"","background-repeat":"repeat","background-position":"center center","background-size":"auto","background-attachment":"scroll","background-type":"","background-media":"","overlay-type":"","overlay-color":"","overlay-opacity":"","overlay-gradient":""}},"ast-content-background-meta":{"desktop":{"background-color":"var(--ast-global-color-5)","background-image":"","background-repeat":"repeat","background-position":"center center","background-size":"auto","background-attachment":"scroll","background-type":"","background-media":"","overlay-type":"","overlay-color":"","overlay-opacity":"","overlay-gradient":""},"tablet":{"background-color":"var(--ast-global-color-5)","background-image":"","background-repeat":"repeat","background-position":"center center","background-size":"auto","background-attachment":"scroll","background-type":"","background-media":"","overlay-type":"","overlay-color":"","overlay-opacity":"","overlay-gradient":""},"mobile":{"background-color":"var(--ast-global-color-5)","background-image":"","background-repeat":"repeat","background-position":"center center","background-size":"auto","background-attachment":"scroll","background-type":"","background-media":"","overlay-type":"","overlay-color":"","overlay-opacity":"","overlay-gradient":""}},"footnotes":""},"class_list":["post-3884","page","type-page","status-publish","hentry"],"yoast_head":"<!-- This site is optimized with the Yoast SEO plugin v26.9 - https:\/\/yoast.com\/product\/yoast-seo-wordpress\/ -->\n<title>Impressum - Bestes Umzugsunternehmen Leipzig<\/title>\n<meta name=\"robots\" content=\"index, follow, max-snippet:-1, max-image-preview:large, max-video-preview:-1\" \/>\n<link rel=\"canonical\" href=\"https:\/\/bestes-umzugsunternehmen-leipzig.de\/tr\/baski-2\/\" \/>\n<meta property=\"og:locale\" content=\"tr_TR\" \/>\n<meta property=\"og:type\" content=\"article\" \/>\n<meta property=\"og:title\" content=\"Impressum - Bestes Umzugsunternehmen Leipzig\" \/>\n<meta property=\"og:description\" content=\"Impressum Praktik Transport und Umz\u00fcge Stromstr 21 10551 Berlin Inhaber: Yeliz Kurtoglu Telefon: +49 1625978461 E-Mail: praktiktransport@gmail.com Website: https:\/\/bestes-umzugsunternehmen-leipzig.de\/ Haftungsausschluss (Disclaimer) Haftung f\u00fcr Inhalte Die Inhalte unserer Seiten wurden mit gr\u00f6\u00dfter Sorgfalt erstellt. F\u00fcr die Richtigkeit, Vollst\u00e4ndigkeit und Aktualit\u00e4t der Inhalte k\u00f6nnen wir jedoch keine Gew\u00e4hr \u00fcbernehmen. Als Diensteanbieter sind wir gem\u00e4\u00df \u00a7 7 Abs.1 [&hellip;]\" \/>\n<meta property=\"og:url\" content=\"https:\/\/bestes-umzugsunternehmen-leipzig.de\/tr\/baski-2\/\" \/>\n<meta property=\"og:site_name\" content=\"Bestes Umzugsunternehmen Leipzig\" \/>\n<meta property=\"article:modified_time\" content=\"2025-10-24T13:04:10+00:00\" \/>\n<meta name=\"twitter:card\" content=\"summary_large_image\" \/>\n<meta name=\"twitter:label1\" content=\"Tahmini okuma s\u00fcresi\" \/>\n\t<meta name=\"twitter:data1\" content=\"3 dakika\" \/>\n<script type=\"application\/ld+json\" class=\"yoast-schema-graph\">{\"@context\":\"https:\/\/schema.org\",\"@graph\":[{\"@type\":\"WebPage\",\"@id\":\"https:\/\/bestes-umzugsunternehmen-leipzig.de\/impressum\/\",\"url\":\"https:\/\/bestes-umzugsunternehmen-leipzig.de\/impressum\/\",\"name\":\"Impressum - Bestes Umzugsunternehmen Leipzig\",\"isPartOf\":{\"@id\":\"https:\/\/bestes-umzugsunternehmen-leipzig.de\/#website\"},\"datePublished\":\"2025-10-22T22:31:43+00:00\",\"dateModified\":\"2025-10-24T13:04:10+00:00\",\"breadcrumb\":{\"@id\":\"https:\/\/bestes-umzugsunternehmen-leipzig.de\/impressum\/#breadcrumb\"},\"inLanguage\":\"tr\",\"potentialAction\":[{\"@type\":\"ReadAction\",\"target\":[\"https:\/\/bestes-umzugsunternehmen-leipzig.de\/impressum\/\"]}]},{\"@type\":\"BreadcrumbList\",\"@id\":\"https:\/\/bestes-umzugsunternehmen-leipzig.de\/impressum\/#breadcrumb\",\"itemListElement\":[{\"@type\":\"ListItem\",\"position\":1,\"name\":\"Startseite\",\"item\":\"https:\/\/bestes-umzugsunternehmen-leipzig.de\/\"},{\"@type\":\"ListItem\",\"position\":2,\"name\":\"Impressum\"}]},{\"@type\":\"WebSite\",\"@id\":\"https:\/\/bestes-umzugsunternehmen-leipzig.de\/#website\",\"url\":\"https:\/\/bestes-umzugsunternehmen-leipzig.de\/\",\"name\":\"Bestes Umzugsunternehmen Leipzig\",\"description\":\"Bestes Umzugsunternehmen Leipzig - Praktik Transport und Umz\u00fcge\",\"publisher\":{\"@id\":\"https:\/\/bestes-umzugsunternehmen-leipzig.de\/#organization\"},\"alternateName\":\"Bestes Umzugsunternehmen Leipzig\",\"potentialAction\":[{\"@type\":\"SearchAction\",\"target\":{\"@type\":\"EntryPoint\",\"urlTemplate\":\"https:\/\/bestes-umzugsunternehmen-leipzig.de\/?s={search_term_string}\"},\"query-input\":{\"@type\":\"PropertyValueSpecification\",\"valueRequired\":true,\"valueName\":\"search_term_string\"}}],\"inLanguage\":\"tr\"},{\"@type\":\"Organization\",\"@id\":\"https:\/\/bestes-umzugsunternehmen-leipzig.de\/#organization\",\"name\":\"Praktik Transport und Umz\u00fcge\",\"url\":\"https:\/\/bestes-umzugsunternehmen-leipzig.de\/\",\"logo\":{\"@type\":\"ImageObject\",\"inLanguage\":\"tr\",\"@id\":\"https:\/\/bestes-umzugsunternehmen-leipzig.de\/#\/schema\/logo\/image\/\",\"url\":\"https:\/\/bestes-umzugsunternehmen-leipzig.de\/wp-content\/uploads\/2025\/10\/cropped-111111-1.png\",\"contentUrl\":\"https:\/\/bestes-umzugsunternehmen-leipzig.de\/wp-content\/uploads\/2025\/10\/cropped-111111-1.png\",\"width\":1535,\"height\":643,\"caption\":\"Praktik Transport und Umz\u00fcge\"},\"image\":{\"@id\":\"https:\/\/bestes-umzugsunternehmen-leipzig.de\/#\/schema\/logo\/image\/\"}}]}<\/script>\n<!-- \/ Yoast SEO plugin. -->","yoast_head_json":{"title":"Bask\u0131 - Leipzig&#039;deki en iyi nakliye \u015firketi","robots":{"index":"index","follow":"follow","max-snippet":"max-snippet:-1","max-image-preview":"max-image-preview:large","max-video-preview":"max-video-preview:-1"},"canonical":"https:\/\/bestes-umzugsunternehmen-leipzig.de\/tr\/baski-2\/","og_locale":"tr_TR","og_type":"article","og_title":"Impressum - Bestes Umzugsunternehmen Leipzig","og_description":"Impressum Praktik Transport und Umz\u00fcge Stromstr 21 10551 Berlin Inhaber: Yeliz Kurtoglu Telefon: +49 1625978461 E-Mail: praktiktransport@gmail.com Website: https:\/\/bestes-umzugsunternehmen-leipzig.de\/ Haftungsausschluss (Disclaimer) Haftung f\u00fcr Inhalte Die Inhalte unserer Seiten wurden mit gr\u00f6\u00dfter Sorgfalt erstellt. F\u00fcr die Richtigkeit, Vollst\u00e4ndigkeit und Aktualit\u00e4t der Inhalte k\u00f6nnen wir jedoch keine Gew\u00e4hr \u00fcbernehmen. Als Diensteanbieter sind wir gem\u00e4\u00df \u00a7 7 Abs.1 [&hellip;]","og_url":"https:\/\/bestes-umzugsunternehmen-leipzig.de\/tr\/baski-2\/","og_site_name":"Bestes Umzugsunternehmen Leipzig","article_modified_time":"2025-10-24T13:04:10+00:00","twitter_card":"summary_large_image","twitter_misc":{"Tahmini okuma s\u00fcresi":"3 dakika"},"schema":{"@context":"https:\/\/schema.org","@graph":[{"@type":"WebPage","@id":"https:\/\/bestes-umzugsunternehmen-leipzig.de\/impressum\/","url":"https:\/\/bestes-umzugsunternehmen-leipzig.de\/impressum\/","name":"Bask\u0131 - Leipzig&#039;deki en iyi nakliye \u015firketi","isPartOf":{"@id":"https:\/\/bestes-umzugsunternehmen-leipzig.de\/#website"},"datePublished":"2025-10-22T22:31:43+00:00","dateModified":"2025-10-24T13:04:10+00:00","breadcrumb":{"@id":"https:\/\/bestes-umzugsunternehmen-leipzig.de\/impressum\/#breadcrumb"},"inLanguage":"tr","potentialAction":[{"@type":"ReadAction","target":["https:\/\/bestes-umzugsunternehmen-leipzig.de\/impressum\/"]}]},{"@type":"BreadcrumbList","@id":"https:\/\/bestes-umzugsunternehmen-leipzig.de\/impressum\/#breadcrumb","itemListElement":[{"@type":"ListItem","position":1,"name":"Startseite","item":"https:\/\/bestes-umzugsunternehmen-leipzig.de\/"},{"@type":"ListItem","position":2,"name":"Impressum"}]},{"@type":"WebSite","@id":"https:\/\/bestes-umzugsunternehmen-leipzig.de\/#website","url":"https:\/\/bestes-umzugsunternehmen-leipzig.de\/","name":"Leipzig&#039;taki en iyi nakliye \u015firketi","description":"Bestes Umzugsunternehmen Leipzig - Praktik Transport und Umz\u00fcge","publisher":{"@id":"https:\/\/bestes-umzugsunternehmen-leipzig.de\/#organization"},"alternateName":"Bestes Umzugsunternehmen Leipzig","potentialAction":[{"@type":"SearchAction","target":{"@type":"EntryPoint","urlTemplate":"https:\/\/bestes-umzugsunternehmen-leipzig.de\/?s={search_term_string}"},"query-input":{"@type":"PropertyValueSpecification","valueRequired":true,"valueName":"search_term_string"}}],"inLanguage":"tr"},{"@type":"Organization","@id":"https:\/\/bestes-umzugsunternehmen-leipzig.de\/#organization","name":"Pratik Ta\u015f\u0131mac\u0131l\u0131k ve Nakliye","url":"https:\/\/bestes-umzugsunternehmen-leipzig.de\/","logo":{"@type":"ImageObject","inLanguage":"tr","@id":"https:\/\/bestes-umzugsunternehmen-leipzig.de\/#\/schema\/logo\/image\/","url":"https:\/\/bestes-umzugsunternehmen-leipzig.de\/wp-content\/uploads\/2025\/10\/cropped-111111-1.png","contentUrl":"https:\/\/bestes-umzugsunternehmen-leipzig.de\/wp-content\/uploads\/2025\/10\/cropped-111111-1.png","width":1535,"height":643,"caption":"Praktik Transport und Umz\u00fcge"},"image":{"@id":"https:\/\/bestes-umzugsunternehmen-leipzig.de\/#\/schema\/logo\/image\/"}}]}},"_hostinger_reach_plugin_has_subscription_block":false,"_hostinger_reach_plugin_is_elementor":false,"uagb_featured_image_src":{"full":false,"thumbnail":false,"medium":false,"medium_large":false,"large":false,"1536x1536":false,"2048x2048":false,"trp-custom-language-flag":false},"uagb_author_info":{"display_name":"emilkemal4@gmail.com","author_link":"https:\/\/bestes-umzugsunternehmen-leipzig.de\/tr\/author\/emilkemal4gmail-com\/"},"uagb_comment_info":0,"uagb_excerpt":"Impressum Praktik Transport und Umz\u00fcge Stromstr 21 10551 Berlin Inhaber: Yeliz Kurtoglu Telefon: +49 1625978461 E-Mail: praktiktransport@gmail.com Website: https:\/\/bestes-umzugsunternehmen-leipzig.de\/ Haftungsausschluss (Disclaimer) Haftung f\u00fcr Inhalte Die Inhalte unserer Seiten wurden mit gr\u00f6\u00dfter Sorgfalt erstellt. F\u00fcr die Richtigkeit, Vollst\u00e4ndigkeit und Aktualit\u00e4t der Inhalte k\u00f6nnen wir jedoch keine Gew\u00e4hr \u00fcbernehmen. Als Diensteanbieter sind wir gem\u00e4\u00df \u00a7 7 Abs.1&hellip;","_links":{"self":[{"href":"https:\/\/bestes-umzugsunternehmen-leipzig.de\/tr\/wp-json\/wp\/v2\/pages\/3884","targetHints":{"allow":["GET"]}}],"collection":[{"href":"https:\/\/bestes-umzugsunternehmen-leipzig.de\/tr\/wp-json\/wp\/v2\/pages"}],"about":[{"href":"https:\/\/bestes-umzugsunternehmen-leipzig.de\/tr\/wp-json\/wp\/v2\/types\/page"}],"author":[{"embeddable":true,"href":"https:\/\/bestes-umzugsunternehmen-leipzig.de\/tr\/wp-json\/wp\/v2\/users\/1"}],"replies":[{"embeddable":true,"href":"https:\/\/bestes-umzugsunternehmen-leipzig.de\/tr\/wp-json\/wp\/v2\/comments?post=3884"}],"version-history":[{"count":2,"href":"https:\/\/bestes-umzugsunternehmen-leipzig.de\/tr\/wp-json\/wp\/v2\/pages\/3884\/revisions"}],"predecessor-version":[{"id":4184,"href":"https:\/\/bestes-umzugsunternehmen-leipzig.de\/tr\/wp-json\/wp\/v2\/pages\/3884\/revisions\/4184"}],"wp:attachment":[{"href":"https:\/\/bestes-umzugsunternehmen-leipzig.de\/tr\/wp-json\/wp\/v2\/media?parent=3884"}],"curies":[{"name":"wp","href":"https:\/\/api.w.org\/{rel}","templated":true}]}}